{"id":11,"date":"2022-03-23T13:18:27","date_gmt":"2022-03-23T13:18:27","guid":{"rendered":"https:\/\/aw-web.com\/meuneriesf\/?page_id=11"},"modified":"2025-03-14T03:08:47","modified_gmt":"2025-03-14T03:08:47","slug":"laitier-bovin","status":"publish","type":"page","link":"https:\/\/aw-web.com\/meuneriesf\/produits\/laitier-bovin\/","title":{"rendered":"Laitier\/Bovin"},"content":{"rendered":"<div class=\"wpb-content-wrapper\"><p>[vc_row css_animation=\u00a0\u00bb\u00a0\u00bb row_type=\u00a0\u00bbrow\u00a0\u00bb use_row_as_full_screen_section=\u00a0\u00bbno\u00a0\u00bb type=\u00a0\u00bbfull_width\u00a0\u00bb angled_section=\u00a0\u00bbno\u00a0\u00bb text_align=\u00a0\u00bbleft\u00a0\u00bb background_image_as_pattern=\u00a0\u00bbwithout_pattern\u00a0\u00bb][vc_column width=\u00a0\u00bb1\/2&Prime;][vc_column_text css=\u00a0\u00bb.vc_custom_1741921640846{padding-top: 30px !important;}\u00a0\u00bb]La Meunerie de Saint-Fr\u00e9d\u00e9ric se distingue par ses services, car nous avons \u00e0 c\u0153ur la qualit\u00e9 des produits que nous distribuons \u00e0 notre client\u00e8le et nous travaillons avec ardeur pour satisfaire tous vos besoins. C\u2019est pour cette raison, que, pour chaque produit vendu, vient un suivi technique et professionnel.<\/p>\n<p>&nbsp;<\/p>\n<p>Il est possible de fabriquer des recettes personnalis\u00e9es selon les besoins du troupeau ainsi qu\u2019\u00e0 la demande des producteurs. La majorit\u00e9 des recettes sont \u00e9labor\u00e9es selon les analyses de fourrage de la ferme. Toutefois, il y a plusieurs produits standards plancher toujours disponibles.<\/p>\n<p>&nbsp;<\/p>\n<p>Nous sommes tr\u00e8s fiers d\u2019alimenter vos troupeaux avec nos moul\u00e9es pr\u00e9par\u00e9es uniquement avec des grains et des produits v\u00e9g\u00e9taux de la plus haute qualit\u00e9, sans aucune hormone ou sous-produit animal.<\/p>\n<p>&nbsp;<\/p>\n<p>Nous disposons d&rsquo;une vaste gamme de produits pour alimenter les veaux (laitier et boucherie), les g\u00e9nisses laiti\u00e8res, les vaches en transition (tarie et pr\u00e9paration v\u00ealage) ainsi que les vaches en lactation.<\/p>\n<p>&nbsp;<\/p>\n<p>Votre commande vous sera livr\u00e9e en vrac et en sacs peu importe si ce sont des produits standards ou personnalis\u00e9s. Vous pouvez commander vos sacs en format de 25 kg, en grands sacs de 500 kg ou en grands sacs de 1000 kg.<\/p>\n<p>Nos experts-conseils vous accompagneront afin de cibler les besoins de vos bovins.<\/p>\n<p>Chaque esp\u00e8ce de votre troupeau aura sa propre moul\u00e9e. Avec les conseils rigoureux de nos conseillers et ceux d\u2019ADM, vous atteindrez vos objectifs de performance et am\u00e9liorerez la profitabilit\u00e9 de votre entreprise autant dans les entreprises laiti\u00e8res que celles de bovins de boucherie.<\/p>\n<p>&nbsp;<\/p>\n<p>Les moul\u00e9es sont disponibles sous forme cub\u00e9es, moulues ou textur\u00e9es m\u00e9lass\u00e9es.<\/p>\n<p>&nbsp;<\/p>\n<h2>Suppl\u00e9ments<\/h2>\n<p>Au besoin, des suppl\u00e9ments peuvent venir compl\u00e9ter la ration de la vache. Ces aliments, tr\u00e8s riches en prot\u00e9ine totale et non d\u00e9gradable, sont disponibles en formule standard, personnalis\u00e9e ou en m\u00e9lange de grains. Nous sommes en mesure de fournir des suppl\u00e9ments pour g\u00e9nisse, vache tarie ou vache en lactation.<\/p>\n<p>&nbsp;<\/p>\n<h2>Blocs moul\u00e9es et Blocs min\u00e9raux<\/h2>\n<p>Les blocs sont une belle alternative afin de compl\u00e9menter la nutrition des animaux \u00e9lev\u00e9s en groupe et ceux qui vont au p\u00e2turage. Notre entreprise offre des blocs avec suppl\u00e9ment prot\u00e9in\u00e9 et\/ou min\u00e9ralis\u00e9.<\/p>\n<ul>\n<li>15 kg<\/li>\n<li>90 kg<\/li>\n<\/ul>\n<p>Les blocs de 90\u00a0kg sont fabriqu\u00e9s dans des contenants de plastique tr\u00e8s r\u00e9sistants permettant de r\u00e9duire au minimum les pertes au p\u00e2turage.<\/p>\n<p>Parfait pour les animaux de boucherie, les g\u00e9nisses \u00e9lev\u00e9es en groupe, ainsi que pour les vaches taries.<\/p>\n<p>&nbsp;<\/p>\n<h2>Laits de remplacement<\/h2>\n<p>Nous fournissons les laits de remplacement de marques Grober ainsi que Prolacto.<\/p>\n<p>&nbsp;<\/p>\n<h2>Produits de commodit\u00e9<\/h2>\n<p>Nous avons plusieurs produits de commodit\u00e9 de type alimentaire qui s\u2019adaptent \u00e0 chacun de vos besoins. Voici quelques exemples de produits : gras palmitique, sel, soda, antitoxine, plastiques d\u2019enrobage, filets, cordes etc.<\/p>\n<p>[\/vc_column_text][\/vc_column][vc_column width=\u00a0\u00bb1\/2&Prime; css=\u00a0\u00bb.vc_custom_1649123842222{padding-top: 30px !important;}\u00a0\u00bb][vc_single_image image=\u00a0\u00bb809&Prime; img_size=\u00a0\u00bbfull\u00a0\u00bb qode_css_animation=\u00a0\u00bb\u00a0\u00bb][\/vc_column][\/vc_row][vc_row css_animation=\u00a0\u00bb\u00a0\u00bb row_type=\u00a0\u00bbrow\u00a0\u00bb use_row_as_full_screen_section=\u00a0\u00bbno\u00a0\u00bb type=\u00a0\u00bbgrid\u00a0\u00bb angled_section=\u00a0\u00bbno\u00a0\u00bb text_align=\u00a0\u00bbleft\u00a0\u00bb background_image_as_pattern=\u00a0\u00bbwithout_pattern\u00a0\u00bb css=\u00a0\u00bb.vc_custom_1736476679932{padding-top: 50px !important;padding-bottom: 50px !important;}\u00a0\u00bb z_index=\u00a0\u00bb\u00a0\u00bb][vc_column][vc_single_image image=\u00a0\u00bb757&Prime; img_size=\u00a0\u00bbfull\u00a0\u00bb qode_css_animation=\u00a0\u00bb\u00a0\u00bb][\/vc_column][\/vc_row][vc_row css_animation=\u00a0\u00bb\u00a0\u00bb row_type=\u00a0\u00bbrow\u00a0\u00bb use_row_as_full_screen_section=\u00a0\u00bbno\u00a0\u00bb type=\u00a0\u00bbgrid\u00a0\u00bb angled_section=\u00a0\u00bbno\u00a0\u00bb text_align=\u00a0\u00bbleft\u00a0\u00bb background_image_as_pattern=\u00a0\u00bbwithout_pattern\u00a0\u00bb css=\u00a0\u00bb.vc_custom_1737087534498{padding-bottom: 50px !important;}\u00a0\u00bb z_index=\u00a0\u00bb\u00a0\u00bb][vc_column][vc_single_image image=\u00a0\u00bb810&Prime; img_size=\u00a0\u00bbfull\u00a0\u00bb qode_css_animation=\u00a0\u00bb\u00a0\u00bb][\/vc_column][\/vc_row][vc_row css_animation=\u00a0\u00bb\u00a0\u00bb row_type=\u00a0\u00bbrow\u00a0\u00bb use_row_as_full_screen_section=\u00a0\u00bbno\u00a0\u00bb type=\u00a0\u00bbfull_width\u00a0\u00bb angled_section=\u00a0\u00bbno\u00a0\u00bb text_align=\u00a0\u00bbleft\u00a0\u00bb background_image_as_pattern=\u00a0\u00bbwithout_pattern\u00a0\u00bb][vc_column][vc_single_image image=\u00a0\u00bb238&Prime; img_size=\u00a0\u00bbfull\u00a0\u00bb qode_css_animation=\u00a0\u00bb\u00a0\u00bb][\/vc_column][\/vc_row]<\/p>\n<\/div>","protected":false},"excerpt":{"rendered":"<p>[vc_row css_animation=\u00a0\u00bb\u00a0\u00bb row_type=\u00a0\u00bbrow\u00a0\u00bb use_row_as_full_screen_section=\u00a0\u00bbno\u00a0\u00bb type=\u00a0\u00bbfull_width\u00a0\u00bb angled_section=\u00a0\u00bbno\u00a0\u00bb text_align=\u00a0\u00bbleft\u00a0\u00bb background_image_as_pattern=\u00a0\u00bbwithout_pattern\u00a0\u00bb][vc_column width=\u00a0\u00bb1\/2&Prime;][vc_column_text css=\u00a0\u00bb.vc_custom_1741921640846{padding-top: 30px !important;}\u00a0\u00bb]La Meunerie de Saint-Fr\u00e9d\u00e9ric se distingue par ses services, car nous avons \u00e0 c\u0153ur la qualit\u00e9 des produits que nous distribuons \u00e0 notre client\u00e8le et nous travaillons avec ardeur pour satisfaire tous vos besoins&#8230;.<\/p>\n","protected":false},"author":1,"featured_media":0,"parent":9,"menu_order":1,"comment_status":"closed","ping_status":"closed","template":"","meta":{"footnotes":""},"class_list":["post-11","page","type-page","status-publish","hentry"],"_links":{"self":[{"href":"https:\/\/aw-web.com\/meuneriesf\/wp-json\/wp\/v2\/pages\/11","targetHints":{"allow":["GET"]}}],"collection":[{"href":"https:\/\/aw-web.com\/meuneriesf\/wp-json\/wp\/v2\/pages"}],"about":[{"href":"https:\/\/aw-web.com\/meuneriesf\/wp-json\/wp\/v2\/types\/page"}],"author":[{"embeddable":true,"href":"https:\/\/aw-web.com\/meuneriesf\/wp-json\/wp\/v2\/users\/1"}],"replies":[{"embeddable":true,"href":"https:\/\/aw-web.com\/meuneriesf\/wp-json\/wp\/v2\/comments?post=11"}],"version-history":[{"count":10,"href":"https:\/\/aw-web.com\/meuneriesf\/wp-json\/wp\/v2\/pages\/11\/revisions"}],"predecessor-version":[{"id":832,"href":"https:\/\/aw-web.com\/meuneriesf\/wp-json\/wp\/v2\/pages\/11\/revisions\/832"}],"up":[{"embeddable":true,"href":"https:\/\/aw-web.com\/meuneriesf\/wp-json\/wp\/v2\/pages\/9"}],"wp:attachment":[{"href":"https:\/\/aw-web.com\/meuneriesf\/wp-json\/wp\/v2\/media?parent=11"}],"curies":[{"name":"wp","href":"https:\/\/api.w.org\/{rel}","templated":true}]}}