{"id":21,"date":"2022-03-23T13:23:43","date_gmt":"2022-03-23T13:23:43","guid":{"rendered":"https:\/\/aw-web.com\/meuneriesf\/?page_id=21"},"modified":"2025-03-14T03:28:47","modified_gmt":"2025-03-14T03:28:47","slug":"autres","status":"publish","type":"page","link":"https:\/\/aw-web.com\/meuneriesf\/produits\/autres\/","title":{"rendered":"Autres"},"content":{"rendered":"<div class=\"wpb-content-wrapper\"><p>[vc_row css_animation=\u00a0\u00bb\u00a0\u00bb row_type=\u00a0\u00bbrow\u00a0\u00bb use_row_as_full_screen_section=\u00a0\u00bbno\u00a0\u00bb type=\u00a0\u00bbfull_width\u00a0\u00bb angled_section=\u00a0\u00bbno\u00a0\u00bb text_align=\u00a0\u00bbleft\u00a0\u00bb background_image_as_pattern=\u00a0\u00bbwithout_pattern\u00a0\u00bb][vc_column][vc_column_text css=\u00a0\u00bb\u00a0\u00bb]En plus de s\u2019occuper de l\u2019alimentation bovine, porcine, avicole et \u00e9quine, la Meunerie de St-Fr\u00e9d\u00e9ric offre aussi d\u2019excellents produits pour toutes sortes d\u2019esp\u00e8ces comme les moutons, les ch\u00e8vres, les alpagas, les truites etc. Il suffit de nous contacter pour avoir les informations relatives \u00e0 votre troupeau.<\/p>\n<p>&nbsp;<\/p>\n<h2>Mouton<\/h2>\n<p>Nous avons tout ce qu\u2019il faut pour votre production ovine. Des moul\u00e9es sont disponibles pour tous les stades de croissance de vos animaux. Nous avons des experts-conseil pour vous aider dans votre \u00e9levage.<br \/>\n-\u00c9quipement d\u2019\u00e9levage<br \/>\n-Alimentation compl\u00e8te (vitamine\/min\u00e9raux\/moul\u00e9e)<br \/>\n-Lait remplacement<\/p>\n<p>&nbsp;<\/p>\n<h2>Ch\u00e8vre<\/h2>\n<p>Des moul\u00e9es pour les ch\u00e8vres laiti\u00e8res et bouch\u00e8res sont en vente chez nous. Nous avons tout ce dont vous avez besoin pour votre production caprine. Nous avons des experts-conseil pour vous aider dans votre \u00e9levage.<br \/>\n-\u00c9quipement d\u2019\u00e9levage<br \/>\n-Alimentation compl\u00e8te (vitamine\/min\u00e9raux\/moul\u00e9e)<br \/>\n-Lait de remplacement<\/p>\n<p>&nbsp;<\/p>\n<h2>Alpaga<\/h2>\n<p>C\u2019est un type d\u2019\u00e9levage qui est en croissance au Qu\u00e9bec. Nous pouvons vous fournir ce dont vous avez besoin pour votre troupeau d\u2019alpagas.<br \/>\n-Vitamine\/min\u00e9raux<br \/>\n-Moul\u00e9e disponible en vrac et en sacs[\/vc_column_text][vc_empty_space][\/vc_column][\/vc_row][vc_row css_animation=\u00a0\u00bb\u00a0\u00bb row_type=\u00a0\u00bbrow\u00a0\u00bb use_row_as_full_screen_section=\u00a0\u00bbno\u00a0\u00bb type=\u00a0\u00bbfull_width\u00a0\u00bb angled_section=\u00a0\u00bbno\u00a0\u00bb text_align=\u00a0\u00bbleft\u00a0\u00bb background_image_as_pattern=\u00a0\u00bbwithout_pattern\u00a0\u00bb css=\u00a0\u00bb.vc_custom_1736308017619{padding-bottom: 60px !important;}\u00a0\u00bb z_index=\u00a0\u00bb\u00a0\u00bb][vc_column][vc_single_image image=\u00a0\u00bb746&Prime; img_size=\u00a0\u00bbfull\u00a0\u00bb qode_css_animation=\u00a0\u00bb\u00a0\u00bb][\/vc_column][\/vc_row][vc_row css_animation=\u00a0\u00bb\u00a0\u00bb row_type=\u00a0\u00bbrow\u00a0\u00bb use_row_as_full_screen_section=\u00a0\u00bbno\u00a0\u00bb type=\u00a0\u00bbgrid\u00a0\u00bb angled_section=\u00a0\u00bbno\u00a0\u00bb text_align=\u00a0\u00bbleft\u00a0\u00bb background_image_as_pattern=\u00a0\u00bbwithout_pattern\u00a0\u00bb css=\u00a0\u00bb.vc_custom_1736482186976{padding-bottom: 50px !important;}\u00a0\u00bb z_index=\u00a0\u00bb\u00a0\u00bb][vc_column width=\u00a0\u00bb1\/2&Prime;][vc_column_text css=\u00a0\u00bb\u00a0\u00bb]<\/p>\n<h2>Aquaculture (poissons)<\/h2>\n<p>Les diff\u00e9rentes moul\u00e9es pour les piscicultures ou aquacultures sont en vente \u00e0 la Meunerie de Saint-Fr\u00e9d\u00e9ric.<\/p>\n<p>En ce qui concerne les esp\u00e8ces non-mentionn\u00e9es dans cette liste, il suffit de nous contacter pour recevoir des informations. Nos sommes en mesure de d\u00e9velopper les formulations pour r\u00e9pondre aux besoins nutritionnels d\u2019une vari\u00e9t\u00e9 impressionnante d\u2019esp\u00e8ces animales.[\/vc_column_text][\/vc_column][vc_column width=\u00a0\u00bb1\/2&Prime;][vc_single_image image=\u00a0\u00bb779&Prime; img_size=\u00a0\u00bbfull\u00a0\u00bb qode_css_animation=\u00a0\u00bb\u00a0\u00bb][\/vc_column][\/vc_row][vc_row css_animation=\u00a0\u00bb\u00a0\u00bb row_type=\u00a0\u00bbrow\u00a0\u00bb use_row_as_full_screen_section=\u00a0\u00bbno\u00a0\u00bb type=\u00a0\u00bbgrid\u00a0\u00bb angled_section=\u00a0\u00bbno\u00a0\u00bb text_align=\u00a0\u00bbcenter\u00a0\u00bb background_image_as_pattern=\u00a0\u00bbwithout_pattern\u00a0\u00bb z_index=\u00a0\u00bb\u00a0\u00bb][vc_column][vc_single_image image=\u00a0\u00bb238&Prime; img_size=\u00a0\u00bbfull\u00a0\u00bb alignment=\u00a0\u00bbcenter\u00a0\u00bb qode_css_animation=\u00a0\u00bb\u00a0\u00bb][\/vc_column][\/vc_row]<\/p>\n<\/div>","protected":false},"excerpt":{"rendered":"<p>[vc_row css_animation=\u00a0\u00bb\u00a0\u00bb row_type=\u00a0\u00bbrow\u00a0\u00bb use_row_as_full_screen_section=\u00a0\u00bbno\u00a0\u00bb type=\u00a0\u00bbfull_width\u00a0\u00bb angled_section=\u00a0\u00bbno\u00a0\u00bb text_align=\u00a0\u00bbleft\u00a0\u00bb background_image_as_pattern=\u00a0\u00bbwithout_pattern\u00a0\u00bb][vc_column][vc_column_text css=\u00a0\u00bb\u00a0\u00bb]En plus de s\u2019occuper de l\u2019alimentation bovine, porcine, avicole et \u00e9quine, la Meunerie de St-Fr\u00e9d\u00e9ric offre aussi d\u2019excellents produits pour toutes sortes d\u2019esp\u00e8ces comme les moutons, les ch\u00e8vres, les alpagas, les truites etc. Il suffit de nous&#8230;<\/p>\n","protected":false},"author":1,"featured_media":0,"parent":9,"menu_order":6,"comment_status":"closed","ping_status":"closed","template":"","meta":{"footnotes":""},"class_list":["post-21","page","type-page","status-publish","hentry"],"_links":{"self":[{"href":"https:\/\/aw-web.com\/meuneriesf\/wp-json\/wp\/v2\/pages\/21","targetHints":{"allow":["GET"]}}],"collection":[{"href":"https:\/\/aw-web.com\/meuneriesf\/wp-json\/wp\/v2\/pages"}],"about":[{"href":"https:\/\/aw-web.com\/meuneriesf\/wp-json\/wp\/v2\/types\/page"}],"author":[{"embeddable":true,"href":"https:\/\/aw-web.com\/meuneriesf\/wp-json\/wp\/v2\/users\/1"}],"replies":[{"embeddable":true,"href":"https:\/\/aw-web.com\/meuneriesf\/wp-json\/wp\/v2\/comments?post=21"}],"version-history":[{"count":10,"href":"https:\/\/aw-web.com\/meuneriesf\/wp-json\/wp\/v2\/pages\/21\/revisions"}],"predecessor-version":[{"id":839,"href":"https:\/\/aw-web.com\/meuneriesf\/wp-json\/wp\/v2\/pages\/21\/revisions\/839"}],"up":[{"embeddable":true,"href":"https:\/\/aw-web.com\/meuneriesf\/wp-json\/wp\/v2\/pages\/9"}],"wp:attachment":[{"href":"https:\/\/aw-web.com\/meuneriesf\/wp-json\/wp\/v2\/media?parent=21"}],"curies":[{"name":"wp","href":"https:\/\/api.w.org\/{rel}","templated":true}]}}