{"id":3,"date":"2022-03-21T01:34:07","date_gmt":"2022-03-21T01:34:07","guid":{"rendered":"https:\/\/aw-web.com\/meuneriesf\/?page_id=3"},"modified":"2024-09-05T16:16:15","modified_gmt":"2024-09-05T16:16:15","slug":"politique-de-confidentialite","status":"publish","type":"page","link":"https:\/\/aw-web.com\/meuneriesf\/politique-de-confidentialite\/","title":{"rendered":"Politique de confidentialit\u00e9"},"content":{"rendered":"<div class=\"wpb-content-wrapper\"><p>[vc_row css_animation=\u00a0\u00bb\u00a0\u00bb row_type=\u00a0\u00bbrow\u00a0\u00bb use_row_as_full_screen_section=\u00a0\u00bbno\u00a0\u00bb type=\u00a0\u00bbfull_width\u00a0\u00bb angled_section=\u00a0\u00bbno\u00a0\u00bb text_align=\u00a0\u00bbleft\u00a0\u00bb background_image_as_pattern=\u00a0\u00bbwithout_pattern\u00a0\u00bb][vc_column][vc_column_text]<\/p>\n<p>L\u2019objectif de cette politique de confidentialit\u00e9 est d\u2019informer les utilisateurs de notre site meuneriesf.com des donn\u00e9es personnelles que nous recueillons ainsi que de leur utilisation.<\/p>\n<p>La Meunerie de St-Fr\u00e9d\u00e9ric se conforme strictement \u00e0 la loi 25 du Qu\u00e9bec en mati\u00e8re de protection des donn\u00e9es personnelles.<\/p>\n<p>Cette politique de confidentialit\u00e9 d\u00e9taille \u00e9galement notre engagement et les mesures prises pour garantir la s\u00e9curit\u00e9 de vos informations personnelles.<\/p>\n<p>&nbsp;<\/p>\n<h3>Types de donn\u00e9es personnelles collect\u00e9es automatiquement<\/h3>\n<p>Lors de votre visite le site de l\u2019entreprise nous collectons automatiquement des informations sur votre appareil et votre interaction avec notre site via l\u2019outil Google Analytics. Cela inclut les donn\u00e9es suivantes:<\/p>\n<ul>\n<li>Adresse IP<\/li>\n<li>Lieu<\/li>\n<li>D\u00e9tails mat\u00e9riels et logiciels<\/li>\n<li>Contenu que l\u2019utilisateur consulte sur notre site<\/li>\n<li>Liens sur lesquels utilisateur un utilisateur clique en allant sur le site<\/li>\n<\/ul>\n<h3>\u00a0<\/h3>\n<h3>Donn\u00e9es personnelles r\u00e9colt\u00e9es non automatiquement. Vos donn\u00e9es personnelles sont collect\u00e9es via:<\/h3>\n<ul>\n<li>Formulaire de contact<\/li>\n<li>Formulaire de commande<\/li>\n<li>Cr\u00e9ation d\u2019un compte<\/li>\n<\/ul>\n<p>Cela inclut les donn\u00e9es suivantes:<\/p>\n<ul>\n<li>Pr\u00e9nom<\/li>\n<li>Nom<\/li>\n<li>Adresse postale<\/li>\n<li>Date de naissance<\/li>\n<li>\u00c2ge<\/li>\n<li>Courriel<\/li>\n<li>Num\u00e9ro de cellulaire<\/li>\n<li>Mot de passe de votre compte sur notre site<\/li>\n<li>Information de paiement<\/li>\n<\/ul>\n<h3>\u00a0<\/h3>\n<h3>Utilisation des informations personnelles collect\u00e9es<\/h3>\n<p>Veuillez noter que nous ne collectons que les donn\u00e9es qui nous aident \u00e0 atteindre l\u2019objectif \u00e9nonc\u00e9 dans cette politique de confidentialit\u00e9. Nous ne recueillerons pas de donn\u00e9es suppl\u00e9mentaires sans vous en informer au pr\u00e9alable. Nous utilisons ces donn\u00e9es pour :<\/p>\n<ul>\n<li>Ex\u00e9cuter des contrats<\/li>\n<li>Envoyer des offres promotionnelles et des communications cibl\u00e9es via<br \/>notre infolettre<\/li>\n<li>Faire des analyses statistiques pour am\u00e9liorer le site<\/li>\n<li>Faire un suivi de commande<\/li>\n<li>Dans le cadre d\u2019un protocole de s\u00e9curit\u00e9 des donn\u00e9es<\/li>\n<\/ul>\n<h3>\u00a0<\/h3>\n<h3>Mesure de s\u00e9curit\u00e9<\/h3>\n<p>Vos donn\u00e9es sont stock\u00e9es dans un environnement s\u00e9curis\u00e9 et contr\u00f4l\u00e9. Nous utilisons des protocoles SSL et des mesures de s\u00e9curit\u00e9 robustes avec double authentification pour pr\u00e9venir tout acc\u00e8s non autoris\u00e9. Nous nous engageons \u00e0 ne pas vendre ou partager vos donn\u00e9es avec des tiers sauf si la loi l\u2019exige ou en cas de proc\u00e9dure judiciaire. Nous pouvons divulguer \u00e0 tout membre de notre organisation les donn\u00e9es utilisateur dont il a raisonnablement besoin pour r\u00e9aliser les objectifs \u00e9nonc\u00e9s dans la pr\u00e9sente<br \/>politique.<\/p>\n<p>&nbsp;<\/p>\n<h3>Dur\u00e9e d\u2019exploitation des donn\u00e9es personnelles<\/h3>\n<p>Nous stockons les donn\u00e9es personnelles pour une dur\u00e9e de 1 an. Nous veillerons \u00e0 ce que les utilisateurs soient avis\u00e9s si leurs donn\u00e9es sont conserv\u00e9es plus longtemps que cette dur\u00e9e.<\/p>\n<p>En cas de fuite des donn\u00e9es et en cas de fuite de vos donn\u00e9es personnelles, nous nous engageons \u00e0 vous en tenir inform\u00e9 ainsi que la Commission d\u2019Acc\u00e8s \u00e0 l\u2019Information du Qu\u00e9bec.<\/p>\n<p>Si vous \u00eates r\u00e9sident du Qu\u00e9bec, conform\u00e9ment \u00e0 la loi 25, vous b\u00e9n\u00e9ficiez de droits sp\u00e9cifiques concernant vos donn\u00e9es personnelles:<\/p>\n<ul>\n<li>Droit d\u2019\u00eatre inform\u00e9<\/li>\n<li>Droit d\u2019acc\u00e8s<\/li>\n<li>Droit \u00e0 la rectification<\/li>\n<li>Droit \u00e0 la portabilit\u00e9 des donn\u00e9es<\/li>\n<\/ul>\n<p>Vous avez le droit de vous opposer \u00e0 l\u2019utilisation de vos donn\u00e9es et de les retirer. Pour exercer ces droits, contactez notre responsable de la protection des donn\u00e9es personnelles.<\/p>\n<p>Adresse: 2293 route principale St-Fr\u00e9d\u00e9ric<\/p>\n<p>Responsable de la Protection des renseignements Personnel : <strong>Gino Vachon<\/strong><br \/>Courriel : <strong>Gino.Vachon@meuneriesf.com<\/strong><br \/>T\u00e9l\u00e9phone : <strong>418-426-2030<\/strong><\/p>\n<h3>\u00a0<\/h3>\n<h3>Droit d\u2019acc\u00e8s et de rectification<\/h3>\n<p>Vous pouvez consulter, modifier ou supprimer vos donn\u00e9es. Pour ce faire, utiliser les m\u00eames coordonn\u00e9es mentionn\u00e9es ci-dessus.<\/p>\n<h3>\u00a0<\/h3>\n<h3>Consentement et retrait<\/h3>\n<p>Vous pouvez visiter notre site sans r\u00e9v\u00e9ler votre identit\u00e9. Cependant, certaines fonctionnalit\u00e9s n\u00e9cessitent la collecte de donn\u00e9es personnelles. Vous avez toujours le choix de ne pas fournir ces informations.<\/p>\n<h3>\u00a0<\/h3>\n<h3>Mineurs<\/h3>\n<p>La loi 25 pr\u00e9cise que les personnes de moins de 14 ans sont consid\u00e9r\u00e9es comme des mineurs aux fins de la collecte de donn\u00e9es. Leurs renseignements personnels ne pourront \u00eatre recueillis aupr\u00e8s de celui-ci sans le consentement du titulaire de l\u2019autorit\u00e9 parentale ou du tuteur, sauf lorsque cette collecte sera manifestement au b\u00e9n\u00e9fice de ce mineur.<\/p>\n<h3>\u00a0<\/h3>\n<h3>Liens externes<\/h3>\n<p>Notre site peut contenir des liens vers d\u2019autres sites internet. Nous ne sommes pas responsables de leurs pratiques de confidentialit\u00e9. Notre politique de confidentialit\u00e9 a \u00e9t\u00e9 mise \u00e0 jour le 10\/11\/2023 Pour toute question relative \u00e0 cette politique de confidentialit\u00e9, vous pouvez nous contacter via le courriel mentionn\u00e9 ci-haut En utilisant notre site, vous acceptez les termes de cette politique.<\/p>\n<p>[\/vc_column_text][\/vc_column][\/vc_row][vc_row css_animation=\u00a0\u00bb\u00a0\u00bb row_type=\u00a0\u00bbrow\u00a0\u00bb use_row_as_full_screen_section=\u00a0\u00bbno\u00a0\u00bb type=\u00a0\u00bbgrid\u00a0\u00bb angled_section=\u00a0\u00bbno\u00a0\u00bb text_align=\u00a0\u00bbleft\u00a0\u00bb background_image_as_pattern=\u00a0\u00bbwithout_pattern\u00a0\u00bb z_index=\u00a0\u00bb\u00a0\u00bb][vc_column][vc_single_image image=\u00a0\u00bb238&Prime; img_size=\u00a0\u00bbfull\u00a0\u00bb alignment=\u00a0\u00bbcenter\u00a0\u00bb qode_css_animation=\u00a0\u00bb\u00a0\u00bb][\/vc_column][\/vc_row]<\/p>\n<\/div>","protected":false},"excerpt":{"rendered":"<p>[vc_row css_animation=\u00a0\u00bb\u00a0\u00bb row_type=\u00a0\u00bbrow\u00a0\u00bb use_row_as_full_screen_section=\u00a0\u00bbno\u00a0\u00bb type=\u00a0\u00bbfull_width\u00a0\u00bb angled_section=\u00a0\u00bbno\u00a0\u00bb text_align=\u00a0\u00bbleft\u00a0\u00bb background_image_as_pattern=\u00a0\u00bbwithout_pattern\u00a0\u00bb][vc_column][vc_column_text] L\u2019objectif de cette politique de confidentialit\u00e9 est d\u2019informer les utilisateurs de notre site meuneriesf.com des donn\u00e9es personnelles que nous recueillons ainsi que de leur utilisation. La Meunerie de St-Fr\u00e9d\u00e9ric se conforme strictement \u00e0 la loi 25 du&#8230;<\/p>\n","protected":false},"author":1,"featured_media":0,"parent":0,"menu_order":0,"comment_status":"closed","ping_status":"open","template":"","meta":{"footnotes":""},"class_list":["post-3","page","type-page","status-publish","hentry"],"_links":{"self":[{"href":"https:\/\/aw-web.com\/meuneriesf\/wp-json\/wp\/v2\/pages\/3","targetHints":{"allow":["GET"]}}],"collection":[{"href":"https:\/\/aw-web.com\/meuneriesf\/wp-json\/wp\/v2\/pages"}],"about":[{"href":"https:\/\/aw-web.com\/meuneriesf\/wp-json\/wp\/v2\/types\/page"}],"author":[{"embeddable":true,"href":"https:\/\/aw-web.com\/meuneriesf\/wp-json\/wp\/v2\/users\/1"}],"replies":[{"embeddable":true,"href":"https:\/\/aw-web.com\/meuneriesf\/wp-json\/wp\/v2\/comments?post=3"}],"version-history":[{"count":2,"href":"https:\/\/aw-web.com\/meuneriesf\/wp-json\/wp\/v2\/pages\/3\/revisions"}],"predecessor-version":[{"id":661,"href":"https:\/\/aw-web.com\/meuneriesf\/wp-json\/wp\/v2\/pages\/3\/revisions\/661"}],"wp:attachment":[{"href":"https:\/\/aw-web.com\/meuneriesf\/wp-json\/wp\/v2\/media?parent=3"}],"curies":[{"name":"wp","href":"https:\/\/api.w.org\/{rel}","templated":true}]}}