{"id":45,"date":"2022-03-28T18:09:38","date_gmt":"2022-03-28T18:09:38","guid":{"rendered":"https:\/\/aw-web.com\/meuneriesf\/?page_id=45"},"modified":"2025-03-14T02:50:52","modified_gmt":"2025-03-14T02:50:52","slug":"accueil","status":"publish","type":"page","link":"https:\/\/aw-web.com\/meuneriesf\/","title":{"rendered":"Accueil"},"content":{"rendered":"<div class=\"wpb-content-wrapper\"><p>[vc_row css_animation=\u00a0\u00bb\u00a0\u00bb row_type=\u00a0\u00bbrow\u00a0\u00bb use_row_as_full_screen_section=\u00a0\u00bbno\u00a0\u00bb type=\u00a0\u00bbfull_width\u00a0\u00bb angled_section=\u00a0\u00bbno\u00a0\u00bb text_align=\u00a0\u00bbleft\u00a0\u00bb background_image_as_pattern=\u00a0\u00bbwithout_pattern\u00a0\u00bb z_index=\u00a0\u00bb\u00a0\u00bb][vc_column][qode_elements_holder number_of_columns=\u00a0\u00bbtwo_columns\u00a0\u00bb columns_proportion=\u00a0\u00bb66_33&Prime;][qode_elements_holder_item cover=\u00a0\u00bbyes\u00a0\u00bb vertical_alignment=\u00a0\u00bbmiddle\u00a0\u00bb advanced_animations=\u00a0\u00bbno\u00a0\u00bb background_image=\u00a0\u00bb784&Prime; item_padding=\u00a0\u00bb30% 30% 30% 30%\u00a0\u00bb][\/qode_elements_holder_item][qode_elements_holder_item vertical_alignment=\u00a0\u00bbmiddle\u00a0\u00bb advanced_animations=\u00a0\u00bbno\u00a0\u00bb background_image=\u00a0\u00bb687&Prime; item_padding=\u00a0\u00bb20% 10% 20% 10%\u00a0\u00bb][vc_column_text css=\u00a0\u00bb\u00a0\u00bb]<\/p>\n<h1 style=\"text-align: left;\">MEUNERIE de ST-FR\u00c9D\u00c9RIC<\/h1>\n<p>&nbsp;<\/p>\n<h3 style=\"text-align: left;\"><img loading=\"lazy\" decoding=\"async\" class=\"alignright size-thumbnail wp-image-144\" src=\"https:\/\/aw-web.com\/meuneriesf\/wp-content\/uploads\/famille-150x150.png\" alt=\"\" width=\"150\" height=\"150\" srcset=\"https:\/\/aw-web.com\/meuneriesf\/wp-content\/uploads\/famille-150x150.png 150w, https:\/\/aw-web.com\/meuneriesf\/wp-content\/uploads\/famille-570x570.png 570w, https:\/\/aw-web.com\/meuneriesf\/wp-content\/uploads\/famille-600x600.png 600w, https:\/\/aw-web.com\/meuneriesf\/wp-content\/uploads\/famille-500x500.png 500w\" sizes=\"auto, (max-width: 150px) 100vw, 150px\" \/><strong>Produits et Services Agricoles Complets<\/strong><\/h3>\n<p>&nbsp;<\/p>\n<p><strong><span style=\"color: #000000;\">La meunerie de St-Fr\u00e9d\u00e9ric soutient l&rsquo;agriculture d&rsquo;ici en veillant au bien-\u00eatre de vos animaux.<\/span><\/strong><\/p>\n<p>&nbsp;<\/p>\n<p><strong><span style=\"color: #000000;\">\u00c0 l&rsquo;aide de tout son personnel qualifi\u00e9 et exp\u00e9riment\u00e9, nous accompagnons nos producteurs, que ce soit en production laiti\u00e8re, porcine, \u00e9quine, avicole, bovine, ovine ou autres productions afin d&rsquo;alimenter les communaut\u00e9s.<\/span><\/strong><\/p>\n<p>&nbsp;<\/p>\n<p><strong><span style=\"color: #000000;\">Nos valeurs fondamentales sont: la famille, la fiert\u00e9, le fun, le courage et le c\u0153ur.<br \/>\n<\/span><\/strong>[\/vc_column_text][\/qode_elements_holder_item][\/qode_elements_holder][\/vc_column][\/vc_row][vc_row css_animation=\u00a0\u00bb\u00a0\u00bb row_type=\u00a0\u00bbrow\u00a0\u00bb use_row_as_full_screen_section=\u00a0\u00bbno\u00a0\u00bb type=\u00a0\u00bbfull_width\u00a0\u00bb angled_section=\u00a0\u00bbno\u00a0\u00bb text_align=\u00a0\u00bbleft\u00a0\u00bb background_image_as_pattern=\u00a0\u00bbwithout_pattern\u00a0\u00bb z_index=\u00a0\u00bb\u00a0\u00bb background_image=\u00a0\u00bb147&Prime;][vc_column][qode_elements_holder number_of_columns=\u00a0\u00bbthree_columns\u00a0\u00bb three_columns_proportion=\u00a0\u00bb50_25_25&Prime;][qode_elements_holder_item cover=\u00a0\u00bbyes\u00a0\u00bb vertical_alignment=\u00a0\u00bbmiddle\u00a0\u00bb advanced_animations=\u00a0\u00bbno\u00a0\u00bb background_image=\u00a0\u00bb526&Prime; item_padding=\u00a0\u00bb010% 010%\u00a0\u00bb][vc_column_text css=\u00a0\u00bb.vc_custom_1726709655014{padding-right: 50px !important;padding-left: 50px !important;}\u00a0\u00bb]<\/p>\n<h2><img loading=\"lazy\" decoding=\"async\" class=\"alignleft size-thumbnail wp-image-148\" src=\"https:\/\/aw-web.com\/meuneriesf\/wp-content\/uploads\/fierte-150x150.png\" alt=\"\" width=\"150\" height=\"150\" srcset=\"https:\/\/aw-web.com\/meuneriesf\/wp-content\/uploads\/fierte-150x150.png 150w, https:\/\/aw-web.com\/meuneriesf\/wp-content\/uploads\/fierte-570x570.png 570w, https:\/\/aw-web.com\/meuneriesf\/wp-content\/uploads\/fierte-600x600.png 600w, https:\/\/aw-web.com\/meuneriesf\/wp-content\/uploads\/fierte-500x500.png 500w\" sizes=\"auto, (max-width: 150px) 100vw, 150px\" \/>Des produits de qualit\u00e9 pour la nutrition animale et la production agricole<\/h2>\n<p>[\/vc_column_text][\/qode_elements_holder_item][qode_elements_holder_item cover=\u00a0\u00bbyes\u00a0\u00bb vertical_alignment=\u00a0\u00bbmiddle\u00a0\u00bb advanced_animations=\u00a0\u00bbno\u00a0\u00bb background_image=\u00a0\u00bb193&Prime; custom_class=\u00a0\u00bb.bleu\u00a0\u00bb]<div class=\"q_image_with_text_over\"><div class=\"shader\" ><\/div><img decoding=\"async\" itemprop=\"image\" src=\"https:\/\/aw-web.com\/meuneriesf\/wp-content\/uploads\/alimentation-boivin-laitier-accueil-2.jpg\" alt=\"\" \/><div class=\"text\"><table><tr><td><h2 class=\"caption no_icon\" style=\"font-size: 28px;\">Alimentation Laitier\/Bovine<\/h2><\/td><\/tr><\/table><table><tr><td><div class=\"desc\"><\/p>\n<h2 style=\"text-align: center; font-size: 24px;\"><span style=\"color: #ffffff;\"><a style=\"color: #ffffff;\" href=\"https:\/\/aw-web.com\/meuneriesf\/produits\/laitier-bovin\/\">Alimentation<br \/>\nLaitier\/Bovine<\/a><\/span><\/h2>\n<p><\/div><\/td><\/tr><\/table><\/div><\/div>[\/qode_elements_holder_item][qode_elements_holder_item cover=\u00a0\u00bbyes\u00a0\u00bb vertical_alignment=\u00a0\u00bbmiddle\u00a0\u00bb advanced_animations=\u00a0\u00bbno\u00a0\u00bb background_image=\u00a0\u00bb202&Prime; custom_class=\u00a0\u00bbvert\u00a0\u00bb]<div class=\"q_image_with_text_over\"><div class=\"shader\" ><\/div><img decoding=\"async\" itemprop=\"image\" src=\"https:\/\/aw-web.com\/meuneriesf\/wp-content\/uploads\/transparent.png\" alt=\"\" \/><div class=\"text\"><table><tr><td><h2 class=\"caption no_icon\" style=\"font-size: 28px;\">Alimentation Porcs<\/h2><\/td><\/tr><\/table><table><tr><td><div class=\"desc\"><\/p>\n<h2 style=\"text-align: center; font-size: 24px;\"><span style=\"color: #ffffff;\"><a style=\"color: #ffffff;\" href=\"https:\/\/aw-web.com\/meuneriesf\/produits\/porcin\/\">Alimentation<br \/>\nPorcs<\/a><\/span><\/h2>\n<p><\/div><\/td><\/tr><\/table><\/div><\/div>[\/qode_elements_holder_item][\/qode_elements_holder][\/vc_column][\/vc_row][vc_row css_animation=\u00a0\u00bb\u00a0\u00bb row_type=\u00a0\u00bbrow\u00a0\u00bb use_row_as_full_screen_section=\u00a0\u00bbno\u00a0\u00bb type=\u00a0\u00bbfull_width\u00a0\u00bb angled_section=\u00a0\u00bbno\u00a0\u00bb text_align=\u00a0\u00bbleft\u00a0\u00bb background_image_as_pattern=\u00a0\u00bbwithout_pattern\u00a0\u00bb z_index=\u00a0\u00bb\u00a0\u00bb][vc_column][qode_elements_holder number_of_columns=\u00a0\u00bbfour_columns\u00a0\u00bb][qode_elements_holder_item vertical_alignment=\u00a0\u00bbmiddle\u00a0\u00bb advanced_animations=\u00a0\u00bbno\u00a0\u00bb background_image=\u00a0\u00bb194&Prime;][vc_single_image image=\u00a0\u00bb297&Prime; img_size=\u00a0\u00bbfull\u00a0\u00bb qode_css_animation=\u00a0\u00bb\u00a0\u00bb][\/qode_elements_holder_item][qode_elements_holder_item cover=\u00a0\u00bbyes\u00a0\u00bb vertical_alignment=\u00a0\u00bbmiddle\u00a0\u00bb advanced_animations=\u00a0\u00bbno\u00a0\u00bb background_image=\u00a0\u00bb204&Prime;]<div class=\"q_image_with_text_over\"><div class=\"shader\" ><\/div><img decoding=\"async\" itemprop=\"image\" src=\"https:\/\/aw-web.com\/meuneriesf\/wp-content\/uploads\/alimentation-cheval.jpg\" alt=\"\" \/><div class=\"text\"><table><tr><td><h2 class=\"caption no_icon\" style=\"font-size: 28px;\">Alimentation Chevaux<\/h2><\/td><\/tr><\/table><table><tr><td><div class=\"desc\"><\/p>\n<h2 style=\"text-align: center; font-size: 24px;\"><span style=\"color: #ffffff;\"><a style=\"color: #ffffff;\" href=\"https:\/\/aw-web.com\/meuneriesf\/produits\/equin\/\">Alimentation<br \/>\nChevaux<\/a><\/span><\/h2>\n<p><\/div><\/td><\/tr><\/table><\/div><\/div>[\/qode_elements_holder_item][qode_elements_holder_item cover=\u00a0\u00bbyes\u00a0\u00bb vertical_alignment=\u00a0\u00bbmiddle\u00a0\u00bb advanced_animations=\u00a0\u00bbno\u00a0\u00bb background_image=\u00a0\u00bb210&Prime; custom_class=\u00a0\u00bbvert\u00a0\u00bb]<div class=\"q_image_with_text_over\"><div class=\"shader\" ><\/div><img decoding=\"async\" itemprop=\"image\" src=\"https:\/\/aw-web.com\/meuneriesf\/wp-content\/uploads\/transparent.png\" alt=\"\" \/><div class=\"text\"><table><tr><td><h2 class=\"caption no_icon\" style=\"font-size: 28px;\">Alimentation Volaille<\/h2><\/td><\/tr><\/table><table><tr><td><div class=\"desc\"><\/p>\n<h2 style=\"text-align: center; font-size: 24px;\"><span style=\"color: #ffffff;\"><a style=\"color: #ffffff;\" href=\"https:\/\/aw-web.com\/meuneriesf\/produits\/volaille\/\">Alimentation<br \/>\nVolaille<\/a><\/span><\/h2>\n<p><\/div><\/td><\/tr><\/table><\/div><\/div>[\/qode_elements_holder_item][qode_elements_holder_item cover=\u00a0\u00bbyes\u00a0\u00bb vertical_alignment=\u00a0\u00bbmiddle\u00a0\u00bb advanced_animations=\u00a0\u00bbno\u00a0\u00bb background_image=\u00a0\u00bb211&Prime;]<div class=\"q_image_with_text_over\"><div class=\"shader\" ><\/div><img decoding=\"async\" itemprop=\"image\" src=\"https:\/\/aw-web.com\/meuneriesf\/wp-content\/uploads\/transparent.png\" alt=\"\" \/><div class=\"text\"><table><tr><td><h2 class=\"caption no_icon\" style=\"font-size: 28px;\">Alimentation Grains<\/h2><\/td><\/tr><\/table><table><tr><td><div class=\"desc\"><\/p>\n<h2 style=\"text-align: center; font-size: 24px;\"><span style=\"color: #ffffff;\"><a style=\"color: #ffffff;\" href=\"https:\/\/aw-web.com\/meuneriesf\/produits\/grains\/\">Alimentation<br \/>\nGrains<\/a><\/span><\/h2>\n<p><\/div><\/td><\/tr><\/table><\/div><\/div>[\/qode_elements_holder_item][\/qode_elements_holder][\/vc_column][\/vc_row][vc_row css_animation=\u00a0\u00bb\u00a0\u00bb row_type=\u00a0\u00bbrow\u00a0\u00bb use_row_as_full_screen_section=\u00a0\u00bbno\u00a0\u00bb type=\u00a0\u00bbfull_width\u00a0\u00bb angled_section=\u00a0\u00bbno\u00a0\u00bb text_align=\u00a0\u00bbleft\u00a0\u00bb background_image_as_pattern=\u00a0\u00bbwithout_pattern\u00a0\u00bb z_index=\u00a0\u00bb\u00a0\u00bb][vc_column][qode_elements_holder number_of_columns=\u00a0\u00bbfour_columns\u00a0\u00bb][qode_elements_holder_item cover=\u00a0\u00bbyes\u00a0\u00bb vertical_alignment=\u00a0\u00bbmiddle\u00a0\u00bb advanced_animations=\u00a0\u00bbno\u00a0\u00bb background_image=\u00a0\u00bb208&Prime;][vc_single_image image=\u00a0\u00bb500&Prime; img_size=\u00a0\u00bbfull\u00a0\u00bb qode_css_animation=\u00a0\u00bb\u00a0\u00bb][\/qode_elements_holder_item][qode_elements_holder_item cover=\u00a0\u00bbyes\u00a0\u00bb vertical_alignment=\u00a0\u00bbmiddle\u00a0\u00bb advanced_animations=\u00a0\u00bbno\u00a0\u00bb background_image=\u00a0\u00bb212&Prime; custom_class=\u00a0\u00bbvert\u00a0\u00bb]<div class=\"q_image_with_text_over\"><div class=\"shader\" ><\/div><img decoding=\"async\" itemprop=\"image\" src=\"https:\/\/aw-web.com\/meuneriesf\/wp-content\/uploads\/vegetal-1.jpg\" alt=\"\" \/><div class=\"text\"><table><tr><td><h2 class=\"caption no_icon\" style=\"font-size: 28px;\">V\u00e9g\u00e9tal<\/h2><\/td><\/tr><\/table><table><tr><td><div class=\"desc\"><\/p>\n<h2 style=\"text-align: center; font-size: 24px;\"><span style=\"color: #ffffff;\"><a style=\"color: #ffffff;\" href=\"https:\/\/aw-web.com\/meuneriesf\/vegetal\/\">V\u00e9g\u00e9tal<\/a><\/span><\/h2>\n<p><\/div><\/td><\/tr><\/table><\/div><\/div>[\/qode_elements_holder_item][qode_elements_holder_item cover=\u00a0\u00bbyes\u00a0\u00bb vertical_alignment=\u00a0\u00bbmiddle\u00a0\u00bb advanced_animations=\u00a0\u00bbno\u00a0\u00bb background_image=\u00a0\u00bb213&Prime;]<div class=\"q_image_with_text_over\"><div class=\"shader\" ><\/div><img decoding=\"async\" itemprop=\"image\" src=\"https:\/\/aw-web.com\/meuneriesf\/wp-content\/uploads\/autres-produits.jpg\" alt=\"\" \/><div class=\"text\"><table><tr><td><h2 class=\"caption no_icon\" style=\"font-size: 28px;\">Autres produits<\/h2><\/td><\/tr><\/table><table><tr><td><div class=\"desc\"><\/p>\n<h2 style=\"text-align: center; font-size: 24px;\"><span style=\"color: #ffffff;\"><a style=\"color: #ffffff;\" href=\"https:\/\/aw-web.com\/meuneriesf\/produits\/autres\/\">Autres produits<\/a><\/span><\/h2>\n<p><\/div><\/td><\/tr><\/table><\/div><\/div>[\/qode_elements_holder_item][qode_elements_holder_item cover=\u00a0\u00bbyes\u00a0\u00bb vertical_alignment=\u00a0\u00bbmiddle\u00a0\u00bb advanced_animations=\u00a0\u00bbno\u00a0\u00bb background_image=\u00a0\u00bb535&Prime; custom_class=\u00a0\u00bbvert\u00a0\u00bb]<div class=\"q_image_with_text_over\"><div class=\"shader\" ><\/div><img decoding=\"async\" itemprop=\"image\" src=\"\" alt=\"Image With Text Over Alt\" \/><div class=\"text\"><table><tr><td><h3 class=\"caption no_icon\" style=\"\"><\/h3><\/td><\/tr><\/table><table><tr><td><div class=\"desc\"><\/p>\n<p>I am test text for Image with text shortcode.<\/p>\n<p><\/div><\/td><\/tr><\/table><\/div><\/div>[\/qode_elements_holder_item][\/qode_elements_holder][\/vc_column][\/vc_row][vc_row css_animation=\u00a0\u00bb\u00a0\u00bb row_type=\u00a0\u00bbrow\u00a0\u00bb use_row_as_full_screen_section=\u00a0\u00bbno\u00a0\u00bb type=\u00a0\u00bbfull_width\u00a0\u00bb angled_section=\u00a0\u00bbno\u00a0\u00bb text_align=\u00a0\u00bbleft\u00a0\u00bb background_image_as_pattern=\u00a0\u00bbwithout_pattern\u00a0\u00bb z_index=\u00a0\u00bb\u00a0\u00bb][vc_column][qode_elements_holder number_of_columns=\u00a0\u00bbfour_columns\u00a0\u00bb][qode_elements_holder_item cover=\u00a0\u00bbyes\u00a0\u00bb vertical_alignment=\u00a0\u00bbmiddle\u00a0\u00bb advanced_animations=\u00a0\u00bbno\u00a0\u00bb background_image=\u00a0\u00bb208&Prime;]<div class=\"q_image_with_text_over\"><div class=\"shader\" ><\/div><img decoding=\"async\" itemprop=\"image\" src=\"https:\/\/aw-web.com\/meuneriesf\/wp-content\/uploads\/transparent.png\" alt=\"\" \/><div class=\"text\"><table><tr><td><h2 class=\"caption no_icon\" style=\"font-size: 28px;\">Services Techniques<\/h2><\/td><\/tr><\/table><table><tr><td><div class=\"desc\"><\/p>\n<h2 style=\"text-align: center; font-size: 24px;\"><span style=\"color: #ffffff;\"><a style=\"color: #ffffff;\" href=\"https:\/\/aw-web.com\/meuneriesf\/services\/soutien-technique\/\">Services<br \/>\nTechniques<\/a><\/span><\/h2>\n<p><\/div><\/td><\/tr><\/table><\/div><\/div>[\/qode_elements_holder_item][qode_elements_holder_item cover=\u00a0\u00bbyes\u00a0\u00bb vertical_alignment=\u00a0\u00bbmiddle\u00a0\u00bb advanced_animations=\u00a0\u00bbno\u00a0\u00bb background_image=\u00a0\u00bb212&Prime; custom_class=\u00a0\u00bbvert\u00a0\u00bb]<div class=\"q_image_with_text_over\"><div class=\"shader\" ><\/div><img decoding=\"async\" itemprop=\"image\" src=\"https:\/\/aw-web.com\/meuneriesf\/wp-content\/uploads\/transparent.png\" alt=\"\" \/><div class=\"text\"><table><tr><td><h2 class=\"caption no_icon\" style=\"font-size: 28px;\">Fabrication<\/h2><\/td><\/tr><\/table><table><tr><td><div class=\"desc\"><\/p>\n<h2 style=\"text-align: center; font-size: 24px;\"><span style=\"color: #ffffff;\"><a style=\"color: #ffffff;\" href=\"https:\/\/aw-web.com\/meuneriesf\/services\/fabrication\/\">Fabrication<\/a><\/span><\/h2>\n<p><\/div><\/td><\/tr><\/table><\/div><\/div>[\/qode_elements_holder_item][qode_elements_holder_item cover=\u00a0\u00bbyes\u00a0\u00bb vertical_alignment=\u00a0\u00bbmiddle\u00a0\u00bb advanced_animations=\u00a0\u00bbno\u00a0\u00bb background_image=\u00a0\u00bb213&Prime;]<div class=\"q_image_with_text_over\"><div class=\"shader\" ><\/div><img decoding=\"async\" itemprop=\"image\" src=\"https:\/\/aw-web.com\/meuneriesf\/wp-content\/uploads\/transparent.png\" alt=\"\" \/><div class=\"text\"><table><tr><td><h2 class=\"caption no_icon\" style=\"font-size: 28px;\">Transport<\/h2><\/td><\/tr><\/table><table><tr><td><div class=\"desc\"><\/p>\n<h2 style=\"text-align: center; font-size: 24px;\"><span style=\"color: #ffffff;\"><a style=\"color: #ffffff;\" href=\"https:\/\/aw-web.com\/meuneriesf\/services\/transport\/\">transport<\/a><\/span><\/h2>\n<p><\/div><\/td><\/tr><\/table><\/div><\/div>[\/qode_elements_holder_item][qode_elements_holder_item cover=\u00a0\u00bbyes\u00a0\u00bb vertical_alignment=\u00a0\u00bbmiddle\u00a0\u00bb advanced_animations=\u00a0\u00bbno\u00a0\u00bb background_image=\u00a0\u00bb214&Prime; custom_class=\u00a0\u00bbvert\u00a0\u00bb]<div class=\"q_image_with_text_over\"><div class=\"shader\" ><\/div><img decoding=\"async\" itemprop=\"image\" src=\"https:\/\/aw-web.com\/meuneriesf\/wp-content\/uploads\/transparent.png\" alt=\"\" \/><div class=\"text\"><table><tr><td><h2 class=\"caption no_icon\" style=\"font-size: 28px;\">Achat\/Vente de Grains<\/h2><\/td><\/tr><\/table><table><tr><td><div class=\"desc\"><\/p>\n<h2 style=\"text-align: center; font-size: 24px;\"><span style=\"color: #ffffff;\"><a style=\"color: #ffffff;\" href=\"https:\/\/aw-web.com\/meuneriesf\/services\/achat-vente-grains\/\">Achat\/Vente<br \/>\nde Grains<\/a><\/span><\/h2>\n<p><\/div><\/td><\/tr><\/table><\/div><\/div>[\/qode_elements_holder_item][\/qode_elements_holder][\/vc_column][\/vc_row][vc_row css_animation=\u00a0\u00bb\u00a0\u00bb row_type=\u00a0\u00bbrow\u00a0\u00bb use_row_as_full_screen_section=\u00a0\u00bbno\u00a0\u00bb type=\u00a0\u00bbfull_width\u00a0\u00bb angled_section=\u00a0\u00bbno\u00a0\u00bb text_align=\u00a0\u00bbleft\u00a0\u00bb background_image_as_pattern=\u00a0\u00bbwithout_pattern\u00a0\u00bb z_index=\u00a0\u00bb\u00a0\u00bb][vc_column][vc_row_inner row_type=\u00a0\u00bbrow\u00a0\u00bb type=\u00a0\u00bbfull_width\u00a0\u00bb text_align=\u00a0\u00bbleft\u00a0\u00bb css_animation=\u00a0\u00bb\u00a0\u00bb][vc_column_inner][qode_elements_holder number_of_columns=\u00a0\u00bbthree_columns\u00a0\u00bb][qode_elements_holder_item cover=\u00a0\u00bbyes\u00a0\u00bb vertical_alignment=\u00a0\u00bbmiddle\u00a0\u00bb advanced_animations=\u00a0\u00bbno\u00a0\u00bb background_image=\u00a0\u00bb249&Prime;][vc_single_image image=\u00a0\u00bb194&Prime; img_size=\u00a0\u00bbfull\u00a0\u00bb qode_css_animation=\u00a0\u00bb\u00a0\u00bb][\/qode_elements_holder_item][qode_elements_holder_item cover=\u00a0\u00bbyes\u00a0\u00bb vertical_alignment=\u00a0\u00bbmiddle\u00a0\u00bb advanced_animations=\u00a0\u00bbno\u00a0\u00bb background_image=\u00a0\u00bb529&Prime;][vc_column_text css=\u00a0\u00bb.vc_custom_1736556241335{padding-top: 70px !important;padding-right: 10% !important;padding-bottom: 70px !important;padding-left: 10% !important;}\u00a0\u00bb]<\/p>\n<h2><img loading=\"lazy\" decoding=\"async\" class=\"alignright size-thumbnail wp-image-239\" src=\"https:\/\/aw-web.com\/meuneriesf\/wp-content\/uploads\/coeur-150x150.png\" alt=\"\" width=\"150\" height=\"150\" srcset=\"https:\/\/aw-web.com\/meuneriesf\/wp-content\/uploads\/coeur-150x150.png 150w, https:\/\/aw-web.com\/meuneriesf\/wp-content\/uploads\/coeur-570x570.png 570w, https:\/\/aw-web.com\/meuneriesf\/wp-content\/uploads\/coeur-600x600.png 600w, https:\/\/aw-web.com\/meuneriesf\/wp-content\/uploads\/coeur-500x500.png 500w\" sizes=\"auto, (max-width: 150px) 100vw, 150px\" \/>V\u00e9g\u00e9tal<\/h2>\n<ul>\n<li><strong><a href=\"https:\/\/aw-web.com\/meuneriesf\/vegetal\/\">Semences<\/a><\/strong><\/li>\n<li><strong><a href=\"https:\/\/aw-web.com\/meuneriesf\/vegetal\/\">Fenaison<\/a><\/strong><\/li>\n<li><strong><a href=\"https:\/\/aw-web.com\/meuneriesf\/vegetal\/\">Protection des cultures<\/a><\/strong><\/li>\n<li><strong><a href=\"https:\/\/aw-web.com\/meuneriesf\/vegetal\/\">Fertilisation<\/a><\/strong><\/li>\n<\/ul>\n<p>[\/vc_column_text][\/qode_elements_holder_item][qode_elements_holder_item cover=\u00a0\u00bbyes\u00a0\u00bb vertical_alignment=\u00a0\u00bbmiddle\u00a0\u00bb advanced_animations=\u00a0\u00bbno\u00a0\u00bb background_image=\u00a0\u00bb797&Prime;][vc_video link=\u00a0\u00bbhttps:\/\/youtu.be\/NyGvi3Ix5ng\u00a0\u00bb][\/qode_elements_holder_item][\/qode_elements_holder][\/vc_column_inner][\/vc_row_inner][\/vc_column][\/vc_row][vc_row css_animation=\u00a0\u00bb\u00a0\u00bb row_type=\u00a0\u00bbrow\u00a0\u00bb use_row_as_full_screen_section=\u00a0\u00bbno\u00a0\u00bb type=\u00a0\u00bbfull_width\u00a0\u00bb angled_section=\u00a0\u00bbno\u00a0\u00bb text_align=\u00a0\u00bbleft\u00a0\u00bb background_image_as_pattern=\u00a0\u00bbwithout_pattern\u00a0\u00bb z_index=\u00a0\u00bb\u00a0\u00bb][vc_column][vc_single_image image=\u00a0\u00bb238&Prime; img_size=\u00a0\u00bbfull\u00a0\u00bb alignment=\u00a0\u00bbcenter\u00a0\u00bb qode_css_animation=\u00a0\u00bb\u00a0\u00bb][\/vc_column][\/vc_row]<\/p>\n<\/div>","protected":false},"excerpt":{"rendered":"<p>[vc_row css_animation=\u00a0\u00bb\u00a0\u00bb row_type=\u00a0\u00bbrow\u00a0\u00bb use_row_as_full_screen_section=\u00a0\u00bbno\u00a0\u00bb type=\u00a0\u00bbfull_width\u00a0\u00bb angled_section=\u00a0\u00bbno\u00a0\u00bb text_align=\u00a0\u00bbleft\u00a0\u00bb background_image_as_pattern=\u00a0\u00bbwithout_pattern\u00a0\u00bb z_index=\u00a0\u00bb\u00a0\u00bb][vc_column][qode_elements_holder number_of_columns=\u00a0\u00bbtwo_columns\u00a0\u00bb columns_proportion=\u00a0\u00bb66_33&Prime;][qode_elements_holder_item cover=\u00a0\u00bbyes\u00a0\u00bb vertical_alignment=\u00a0\u00bbmiddle\u00a0\u00bb advanced_animations=\u00a0\u00bbno\u00a0\u00bb background_image=\u00a0\u00bb784&Prime; item_padding=\u00a0\u00bb30% 30% 30% 30%\u00a0\u00bb][\/qode_elements_holder_item][qode_elements_holder_item vertical_alignment=\u00a0\u00bbmiddle\u00a0\u00bb advanced_animations=\u00a0\u00bbno\u00a0\u00bb background_image=\u00a0\u00bb687&Prime; item_padding=\u00a0\u00bb20% 10% 20% 10%\u00a0\u00bb][vc_column_text css=\u00a0\u00bb\u00a0\u00bb] MEUNERIE de ST-FR\u00c9D\u00c9RIC &nbsp; Produits et Services Agricoles Complets &nbsp; La meunerie de St-Fr\u00e9d\u00e9ric soutient l&rsquo;agriculture d&rsquo;ici en&#8230;<\/p>\n","protected":false},"author":1,"featured_media":0,"parent":0,"menu_order":0,"comment_status":"closed","ping_status":"closed","template":"full_width.php","meta":{"footnotes":""},"class_list":["post-45","page","type-page","status-publish","hentry"],"_links":{"self":[{"href":"https:\/\/aw-web.com\/meuneriesf\/wp-json\/wp\/v2\/pages\/45","targetHints":{"allow":["GET"]}}],"collection":[{"href":"https:\/\/aw-web.com\/meuneriesf\/wp-json\/wp\/v2\/pages"}],"about":[{"href":"https:\/\/aw-web.com\/meuneriesf\/wp-json\/wp\/v2\/types\/page"}],"author":[{"embeddable":true,"href":"https:\/\/aw-web.com\/meuneriesf\/wp-json\/wp\/v2\/users\/1"}],"replies":[{"embeddable":true,"href":"https:\/\/aw-web.com\/meuneriesf\/wp-json\/wp\/v2\/comments?post=45"}],"version-history":[{"count":56,"href":"https:\/\/aw-web.com\/meuneriesf\/wp-json\/wp\/v2\/pages\/45\/revisions"}],"predecessor-version":[{"id":828,"href":"https:\/\/aw-web.com\/meuneriesf\/wp-json\/wp\/v2\/pages\/45\/revisions\/828"}],"wp:attachment":[{"href":"https:\/\/aw-web.com\/meuneriesf\/wp-json\/wp\/v2\/media?parent=45"}],"curies":[{"name":"wp","href":"https:\/\/api.w.org\/{rel}","templated":true}]}}