{"id":48,"date":"2022-03-28T18:21:36","date_gmt":"2022-03-28T18:21:36","guid":{"rendered":"https:\/\/aw-web.com\/meuneriesf\/?page_id=48"},"modified":"2025-03-14T03:31:15","modified_gmt":"2025-03-14T03:31:15","slug":"vegetal","status":"publish","type":"page","link":"https:\/\/aw-web.com\/meuneriesf\/vegetal\/","title":{"rendered":"V\u00e9g\u00e9tal"},"content":{"rendered":"<div class=\"wpb-content-wrapper\"><p>[vc_row css_animation=\u00a0\u00bb\u00a0\u00bb row_type=\u00a0\u00bbrow\u00a0\u00bb use_row_as_full_screen_section=\u00a0\u00bbno\u00a0\u00bb type=\u00a0\u00bbfull_width\u00a0\u00bb angled_section=\u00a0\u00bbno\u00a0\u00bb text_align=\u00a0\u00bbleft\u00a0\u00bb background_image_as_pattern=\u00a0\u00bbwithout_pattern\u00a0\u00bb][vc_column][vc_column_text css=\u00a0\u00bb\u00a0\u00bb]Un conseiller en production v\u00e9g\u00e9tale est \u00e0 votre disposition pour vous transmettre les meilleurs conseils en ce qui concerne la fenaison, la phytoprotection, \u00a0la fertilisation et le choix des semences.<\/p>\n<p>Notre but est toujours de maximiser vos productions v\u00e9g\u00e9tales, car elles jouent un r\u00f4le important dans votre entreprise agricole.<\/p>\n<p>&nbsp;<\/p>\n<h2>Semences<\/h2>\n<p>Nous sommes d\u00e9positaires des produits Semican, Pride et DLF. Nous distribuons les inoculants \u00e0 fourrage Magniva de chez Lallemand.<\/p>\n<p>&nbsp;<\/p>\n<h2>Fenaison<\/h2>\n<p>Nos produits de fenaison diversifi\u00e9s et nos connaissances font de nous une r\u00e9f\u00e9rence dans ce domaine.<\/p>\n<p>La pellicule de plastique, le filet, la corde, les tubes, les caps et les diff\u00e9rentes grandeurs de sacs d\u2019ensilage font partie de la gamme de produits qui r\u00e9pondront certainement \u00e0 vos besoins.<\/p>\n<p>&nbsp;<\/p>\n<h2>Protection des cultures<\/h2>\n<p>La pr\u00e9sence de mauvaises herbes, de toxines et d\u2019insectes nuisibles dans les champs de grandes cultures est reconnue pour diminuer les rendements et affecter la qualit\u00e9 des r\u00e9coltes. Un d\u00e9pistage et une \u00e9valuation des ennemis de culture permettent d\u2019\u00e9laborer une strat\u00e9gie de phytoprotection adapt\u00e9e \u00e0 votre entreprise et respectueuse de l\u2019environnement.<\/p>\n<p>La meunerie offre un service d\u2019accompagnement afin de cibler les bons produits n\u00e9cessaires au bon endroit dans le but de faciliter la prise de d\u00e9cision pour le client. Quel que soit le syst\u00e8me de culture, pour des herbicides, des insecticides ou des fongicides, un vaste choix de produits est offert.<\/p>\n<p>&nbsp;<\/p>\n<h2>Fertilisation<\/h2>\n<p>Les plantes ont besoin d\u2019\u00e9l\u00e9ments min\u00e9raux pour assurer une r\u00e9colte de qualit\u00e9 et un bon rendement. Plusieurs types d\u2019engrais sont disponibles pour diff\u00e9rents besoins. Que ce soit granulaire, liquide ou compos\u00e9, nos conseillers peuvent formuler un engrais sp\u00e9cifique aux besoins des plantes que vous produisez. Nous \u00e9valuerons vos besoins en fertilisation en fonction de votre programme de fertilisation, de l\u2019\u00e9tat des cultures avec des visites aux champs afin d\u2019apporter les bons nutriments, \u00e0 la bonne dose, au bon endroit et au bon moment.<\/p>\n<p>Des produits sont aussi disponibles pour les \u00e9rabli\u00e8res et les plantations d\u2019arbres.<\/p>\n<p>Pour toutes informations sur nos produits et de bons conseils, n\u2019h\u00e9sitez pas \u00e0 rejoindre la Meunerie de St-Fr\u00e9d\u00e9ric.[\/vc_column_text][vc_empty_space height=\u00a0\u00bb62px\u00a0\u00bb][\/vc_column][\/vc_row][vc_row css_animation=\u00a0\u00bb\u00a0\u00bb row_type=\u00a0\u00bbrow\u00a0\u00bb use_row_as_full_screen_section=\u00a0\u00bbno\u00a0\u00bb type=\u00a0\u00bbgrid\u00a0\u00bb angled_section=\u00a0\u00bbno\u00a0\u00bb text_align=\u00a0\u00bbleft\u00a0\u00bb background_image_as_pattern=\u00a0\u00bbwithout_pattern\u00a0\u00bb z_index=\u00a0\u00bb\u00a0\u00bb][vc_column][vc_single_image image=\u00a0\u00bb775&Prime; img_size=\u00a0\u00bbfull\u00a0\u00bb css=\u00a0\u00bb.vc_custom_1736482054980{padding-bottom: 50px !important;}\u00a0\u00bb qode_css_animation=\u00a0\u00bb\u00a0\u00bb][\/vc_column][\/vc_row][vc_row css_animation=\u00a0\u00bb\u00a0\u00bb row_type=\u00a0\u00bbrow\u00a0\u00bb use_row_as_full_screen_section=\u00a0\u00bbno\u00a0\u00bb type=\u00a0\u00bbgrid\u00a0\u00bb angled_section=\u00a0\u00bbno\u00a0\u00bb text_align=\u00a0\u00bbleft\u00a0\u00bb background_image_as_pattern=\u00a0\u00bbwithout_pattern\u00a0\u00bb z_index=\u00a0\u00bb\u00a0\u00bb][vc_column width=\u00a0\u00bb1\/3&Prime;][vc_single_image image=\u00a0\u00bb607&Prime; img_size=\u00a0\u00bbfull\u00a0\u00bb css=\u00a0\u00bb.vc_custom_1736305793828{padding-top: 30px !important;padding-bottom: 30px !important;}\u00a0\u00bb qode_css_animation=\u00a0\u00bb\u00a0\u00bb][\/vc_column][vc_column width=\u00a0\u00bb1\/3&Prime;][vc_single_image image=\u00a0\u00bb818&Prime; img_size=\u00a0\u00bbfull\u00a0\u00bb css=\u00a0\u00bb.vc_custom_1737472123145{padding-top: 30px !important;padding-bottom: 30px !important;}\u00a0\u00bb qode_css_animation=\u00a0\u00bb\u00a0\u00bb][\/vc_column][vc_column width=\u00a0\u00bb1\/3&Prime;][vc_single_image image=\u00a0\u00bb817&Prime; img_size=\u00a0\u00bbfull\u00a0\u00bb css=\u00a0\u00bb.vc_custom_1737472132526{padding-top: 30px !important;padding-bottom: 30px !important;}\u00a0\u00bb qode_css_animation=\u00a0\u00bb\u00a0\u00bb][\/vc_column][\/vc_row][vc_row css_animation=\u00a0\u00bb\u00a0\u00bb row_type=\u00a0\u00bbrow\u00a0\u00bb use_row_as_full_screen_section=\u00a0\u00bbno\u00a0\u00bb type=\u00a0\u00bbgrid\u00a0\u00bb angled_section=\u00a0\u00bbno\u00a0\u00bb text_align=\u00a0\u00bbleft\u00a0\u00bb background_image_as_pattern=\u00a0\u00bbwithout_pattern\u00a0\u00bb z_index=\u00a0\u00bb\u00a0\u00bb][vc_column][vc_single_image image=\u00a0\u00bb238&Prime; img_size=\u00a0\u00bbfull\u00a0\u00bb alignment=\u00a0\u00bbcenter\u00a0\u00bb qode_css_animation=\u00a0\u00bb\u00a0\u00bb][\/vc_column][\/vc_row]<\/p>\n<\/div>","protected":false},"excerpt":{"rendered":"<p>[vc_row css_animation=\u00a0\u00bb\u00a0\u00bb row_type=\u00a0\u00bbrow\u00a0\u00bb use_row_as_full_screen_section=\u00a0\u00bbno\u00a0\u00bb type=\u00a0\u00bbfull_width\u00a0\u00bb angled_section=\u00a0\u00bbno\u00a0\u00bb text_align=\u00a0\u00bbleft\u00a0\u00bb background_image_as_pattern=\u00a0\u00bbwithout_pattern\u00a0\u00bb][vc_column][vc_column_text css=\u00a0\u00bb\u00a0\u00bb]Un conseiller en production v\u00e9g\u00e9tale est \u00e0 votre disposition pour vous transmettre les meilleurs conseils en ce qui concerne la fenaison, la phytoprotection, \u00a0la fertilisation et le choix des semences. Notre but est toujours de maximiser vos&#8230;<\/p>\n","protected":false},"author":1,"featured_media":0,"parent":0,"menu_order":3,"comment_status":"closed","ping_status":"closed","template":"","meta":{"footnotes":""},"class_list":["post-48","page","type-page","status-publish","hentry"],"_links":{"self":[{"href":"https:\/\/aw-web.com\/meuneriesf\/wp-json\/wp\/v2\/pages\/48","targetHints":{"allow":["GET"]}}],"collection":[{"href":"https:\/\/aw-web.com\/meuneriesf\/wp-json\/wp\/v2\/pages"}],"about":[{"href":"https:\/\/aw-web.com\/meuneriesf\/wp-json\/wp\/v2\/types\/page"}],"author":[{"embeddable":true,"href":"https:\/\/aw-web.com\/meuneriesf\/wp-json\/wp\/v2\/users\/1"}],"replies":[{"embeddable":true,"href":"https:\/\/aw-web.com\/meuneriesf\/wp-json\/wp\/v2\/comments?post=48"}],"version-history":[{"count":14,"href":"https:\/\/aw-web.com\/meuneriesf\/wp-json\/wp\/v2\/pages\/48\/revisions"}],"predecessor-version":[{"id":840,"href":"https:\/\/aw-web.com\/meuneriesf\/wp-json\/wp\/v2\/pages\/48\/revisions\/840"}],"wp:attachment":[{"href":"https:\/\/aw-web.com\/meuneriesf\/wp-json\/wp\/v2\/media?parent=48"}],"curies":[{"name":"wp","href":"https:\/\/api.w.org\/{rel}","templated":true}]}}