{"id":53,"date":"2022-03-29T02:16:15","date_gmt":"2022-03-29T02:16:15","guid":{"rendered":"https:\/\/aw-web.com\/meuneriesf\/?page_id=53"},"modified":"2025-01-21T15:15:29","modified_gmt":"2025-01-21T15:15:29","slug":"equipe","status":"publish","type":"page","link":"https:\/\/aw-web.com\/meuneriesf\/entreprise\/equipe\/","title":{"rendered":"\u00c9quipe"},"content":{"rendered":"<div class=\"wpb-content-wrapper\"><p>[vc_row css_animation=\u00a0\u00bb\u00a0\u00bb row_type=\u00a0\u00bbrow\u00a0\u00bb use_row_as_full_screen_section=\u00a0\u00bbno\u00a0\u00bb type=\u00a0\u00bbfull_width\u00a0\u00bb angled_section=\u00a0\u00bbno\u00a0\u00bb text_align=\u00a0\u00bbleft\u00a0\u00bb background_image_as_pattern=\u00a0\u00bbwithout_pattern\u00a0\u00bb][vc_column][vc_column_text]La meunerie peut compter sur une \u00e9quipe d\u00e9vou\u00e9e, pers\u00e9v\u00e9rante qui a \u00e0 c\u0153ur la r\u00e9ussite de l\u2019entreprise et de ses clients. Nous sommes entour\u00e9s d\u2019un personnel exp\u00e9riment\u00e9 et de nouveaux membres qualifi\u00e9s et chevronn\u00e9s. C\u2019est ensemble que nous respecterons notre <a href=\"http:\/\/meuneriesf.com\/entreprise\/mission\/\">mission<\/a>.<\/p>\n<p>&nbsp;<\/p>\n<p><img loading=\"lazy\" decoding=\"async\" class=\"aligncenter size-full wp-image-562\" src=\"https:\/\/aw-web.com\/meuneriesf\/wp-content\/uploads\/equipe-meunerie-2025-2.jpg\" alt=\"\" width=\"900\" height=\"600\" \/><\/p>\n<p>&nbsp;<\/p>\n<p>Pour voir notre \u00e9quipe de conseillers, <strong><a href=\"https:\/\/aw-web.com\/meuneriesf\/services\/soutien-technique\/\">cliquez ici<\/a><\/strong>.[\/vc_column_text][vc_empty_space][\/vc_column][\/vc_row][vc_row css_animation=\u00a0\u00bb\u00a0\u00bb row_type=\u00a0\u00bbrow\u00a0\u00bb use_row_as_full_screen_section=\u00a0\u00bbno\u00a0\u00bb type=\u00a0\u00bbgrid\u00a0\u00bb angled_section=\u00a0\u00bbno\u00a0\u00bb text_align=\u00a0\u00bbleft\u00a0\u00bb background_image_as_pattern=\u00a0\u00bbwithout_pattern\u00a0\u00bb z_index=\u00a0\u00bb\u00a0\u00bb][vc_column][vc_single_image image=\u00a0\u00bb460&Prime; img_size=\u00a0\u00bbfull\u00a0\u00bb qode_css_animation=\u00a0\u00bb\u00a0\u00bb][\/vc_column][\/vc_row]<\/p>\n<\/div>","protected":false},"excerpt":{"rendered":"<p>[vc_row css_animation=\u00a0\u00bb\u00a0\u00bb row_type=\u00a0\u00bbrow\u00a0\u00bb use_row_as_full_screen_section=\u00a0\u00bbno\u00a0\u00bb type=\u00a0\u00bbfull_width\u00a0\u00bb angled_section=\u00a0\u00bbno\u00a0\u00bb text_align=\u00a0\u00bbleft\u00a0\u00bb background_image_as_pattern=\u00a0\u00bbwithout_pattern\u00a0\u00bb][vc_column][vc_column_text]La meunerie peut compter sur une \u00e9quipe d\u00e9vou\u00e9e, pers\u00e9v\u00e9rante qui a \u00e0 c\u0153ur la r\u00e9ussite de l\u2019entreprise et de ses clients. Nous sommes entour\u00e9s d\u2019un personnel exp\u00e9riment\u00e9 et de nouveaux membres qualifi\u00e9s et chevronn\u00e9s. C\u2019est ensemble que nous&#8230;<\/p>\n","protected":false},"author":1,"featured_media":0,"parent":40,"menu_order":3,"comment_status":"closed","ping_status":"closed","template":"","meta":{"footnotes":""},"class_list":["post-53","page","type-page","status-publish","hentry"],"_links":{"self":[{"href":"https:\/\/aw-web.com\/meuneriesf\/wp-json\/wp\/v2\/pages\/53","targetHints":{"allow":["GET"]}}],"collection":[{"href":"https:\/\/aw-web.com\/meuneriesf\/wp-json\/wp\/v2\/pages"}],"about":[{"href":"https:\/\/aw-web.com\/meuneriesf\/wp-json\/wp\/v2\/types\/page"}],"author":[{"embeddable":true,"href":"https:\/\/aw-web.com\/meuneriesf\/wp-json\/wp\/v2\/users\/1"}],"replies":[{"embeddable":true,"href":"https:\/\/aw-web.com\/meuneriesf\/wp-json\/wp\/v2\/comments?post=53"}],"version-history":[{"count":11,"href":"https:\/\/aw-web.com\/meuneriesf\/wp-json\/wp\/v2\/pages\/53\/revisions"}],"predecessor-version":[{"id":561,"href":"https:\/\/aw-web.com\/meuneriesf\/wp-json\/wp\/v2\/pages\/53\/revisions\/561"}],"up":[{"embeddable":true,"href":"https:\/\/aw-web.com\/meuneriesf\/wp-json\/wp\/v2\/pages\/40"}],"wp:attachment":[{"href":"https:\/\/aw-web.com\/meuneriesf\/wp-json\/wp\/v2\/media?parent=53"}],"curies":[{"name":"wp","href":"https:\/\/api.w.org\/{rel}","templated":true}]}}