{"id":55,"date":"2022-03-29T02:17:10","date_gmt":"2022-03-29T02:17:10","guid":{"rendered":"https:\/\/aw-web.com\/meuneriesf\/?page_id=55"},"modified":"2025-03-14T02:59:09","modified_gmt":"2025-03-14T02:59:09","slug":"historique","status":"publish","type":"page","link":"https:\/\/aw-web.com\/meuneriesf\/entreprise\/historique\/","title":{"rendered":"Histoire\/Mission"},"content":{"rendered":"<div class=\"wpb-content-wrapper\"><p>[vc_row css_animation=\u00a0\u00bb\u00a0\u00bb row_type=\u00a0\u00bbrow\u00a0\u00bb use_row_as_full_screen_section=\u00a0\u00bbno\u00a0\u00bb type=\u00a0\u00bbgrid\u00a0\u00bb angled_section=\u00a0\u00bbno\u00a0\u00bb text_align=\u00a0\u00bbleft\u00a0\u00bb background_image_as_pattern=\u00a0\u00bbwithout_pattern\u00a0\u00bb z_index=\u00a0\u00bb\u00a0\u00bb css=\u00a0\u00bb.vc_custom_1649091107210{padding-top: 70px !important;}\u00a0\u00bb][vc_column][vc_column_text]<\/p>\n<h2 style=\"text-align: center;\">\u2013 La Meunerie de St-Fr\u00e9d\u00e9ric \u2013<\/h2>\n<p>[\/vc_column_text][vc_column_text css=\u00a0\u00bb.vc_custom_1649086594831{padding-top: 30px !important;padding-bottom: 30px !important;}\u00a0\u00bb]<\/p>\n<h3 style=\"text-align: center;\">Une histoire de famille<\/h3>\n<p>[\/vc_column_text][vc_column_text css=\u00a0\u00bb.vc_custom_1721067473659{padding-right: 20px !important;padding-left: 20px !important;}\u00a0\u00bb]<strong><img loading=\"lazy\" decoding=\"async\" class=\"alignright size-thumbnail wp-image-144\" src=\"https:\/\/aw-web.com\/meuneriesf\/wp-content\/uploads\/famille-150x150.png\" alt=\"\" width=\"150\" height=\"150\" srcset=\"https:\/\/aw-web.com\/meuneriesf\/wp-content\/uploads\/famille-150x150.png 150w, https:\/\/aw-web.com\/meuneriesf\/wp-content\/uploads\/famille-570x570.png 570w, https:\/\/aw-web.com\/meuneriesf\/wp-content\/uploads\/famille-600x600.png 600w, https:\/\/aw-web.com\/meuneriesf\/wp-content\/uploads\/famille-500x500.png 500w\" sizes=\"auto, (max-width: 150px) 100vw, 150px\" \/>Depuis 1966, La Meunerie de St-Fr\u00e9d\u00e9ric met le m\u00eame savoir-faire, la m\u00eame ardeur et la m\u00eame passion \u00e0 fabriquer les meilleurs produits possibles et ce, pour tous ses clients.<\/strong><\/p>\n<p>&nbsp;<\/p>\n<p>Petite histoire d\u2019une grande aventure familiale :[\/vc_column_text][vc_column_text][\/vc_column_text][\/vc_column][\/vc_row][vc_row css_animation=\u00a0\u00bb\u00a0\u00bb row_type=\u00a0\u00bbrow\u00a0\u00bb use_row_as_full_screen_section=\u00a0\u00bbno\u00a0\u00bb type=\u00a0\u00bbfull_width\u00a0\u00bb angled_section=\u00a0\u00bbno\u00a0\u00bb text_align=\u00a0\u00bbleft\u00a0\u00bb background_image_as_pattern=\u00a0\u00bbwithout_pattern\u00a0\u00bb z_index=\u00a0\u00bb\u00a0\u00bb css=\u00a0\u00bb.vc_custom_1649112016524{padding-right: 10px !important;padding-left: 10px !important;}\u00a0\u00bb][vc_column width=\u00a0\u00bb2\/3&Prime;]<div class=\"qode-workflow  qode-workflow-animate\">\n    <span class=\"main-line\" style=\"background-color:#003da5;\"><\/span>\n    <div class=\"qode-workflow-item\">\n    <span class=\"line\" style=\"background-color:#003da5;\"><\/span>\n    <div class=\"qode-workflow-item-inner \">\n        <div class=\"qode-workflow-image center\">\n            <img loading=\"lazy\" decoding=\"async\" width=\"300\" height=\"234\" src=\"https:\/\/aw-web.com\/meuneriesf\/wp-content\/uploads\/armand-clermont.jpg\" class=\"attachment-full size-full\" alt=\"\" \/>        <\/div>\n        <div class=\"qode-workflow-text\">\n            <span class=\"circle\" style=\"background-color:#003da5;\"><\/span>\n                            <h3>1966<\/h3>\n                                                    <p class=\"text\">En 1966, Armand Vachon, gr\u00e2ce \u00e0 son esprit d\u2019initiative et sa foi en l\u2019agriculture, fonde avec son associ\u00e9, Clermont Grondin, La Meunerie de St-Fr\u00e9d\u00e9ric.<\/p>\n<p>Avec le soutien de son \u00e9pouse, Juliette Lessard, ils \u00e9l\u00e8vent une famille de 12 enfants.<\/p>\n                    <\/div>\n    <\/div>\n<\/div><div class=\"qode-workflow-item\">\n    <span class=\"line\" style=\"background-color:#003da5;\"><\/span>\n    <div class=\"qode-workflow-item-inner reverse\">\n        <div class=\"qode-workflow-image center\">\n            <img loading=\"lazy\" decoding=\"async\" width=\"300\" height=\"167\" src=\"https:\/\/aw-web.com\/meuneriesf\/wp-content\/uploads\/meunerie-1982.jpg\" class=\"attachment-full size-full\" alt=\"\" \/>        <\/div>\n        <div class=\"qode-workflow-text\">\n            <span class=\"circle\" style=\"background-color:#003da5;\"><\/span>\n                            <h3>1982<\/h3>\n                                                    <p class=\"text\">Changements importants dans l\u2019entreprise. Cinq enfants de la famille Vachon : Ga\u00e9tan, Luce, Dominique, Fran\u00e7ois et C\u00f4me deviennent actionnaires de l\u2019entreprise familiale.<\/p>\n                    <\/div>\n    <\/div>\n<\/div><div class=\"qode-workflow-item\">\n    <span class=\"line\" style=\"background-color:#003da5;\"><\/span>\n    <div class=\"qode-workflow-item-inner \">\n        <div class=\"qode-workflow-image center\">\n            <img loading=\"lazy\" decoding=\"async\" width=\"300\" height=\"105\" src=\"https:\/\/aw-web.com\/meuneriesf\/wp-content\/uploads\/logo-1991.png\" class=\"attachment-full size-full\" alt=\"\" \/>        <\/div>\n        <div class=\"qode-workflow-text\">\n            <span class=\"circle\" style=\"background-color:#003da5;\"><\/span>\n                            <h3>1991<\/h3>\n                                                    <p class=\"text\">25e anniversaire de fondation. Pour l\u2019occasion, un logo est cr\u00e9\u00e9. D\u2019ailleurs, il est encore utilis\u00e9 aujourd\u2019hui. Il repr\u00e9sente les cinq actionnaires de la famille Vachon.<\/p>\n                    <\/div>\n    <\/div>\n<\/div><div class=\"qode-workflow-item\">\n    <span class=\"line\" style=\"background-color:#003da5;\"><\/span>\n    <div class=\"qode-workflow-item-inner reverse\">\n        <div class=\"qode-workflow-image center\">\n            <img loading=\"lazy\" decoding=\"async\" width=\"300\" height=\"200\" src=\"https:\/\/aw-web.com\/meuneriesf\/wp-content\/uploads\/meunerie-2006-2007.jpg\" class=\"attachment-full size-full\" alt=\"\" \/>        <\/div>\n        <div class=\"qode-workflow-text\">\n            <span class=\"circle\" style=\"background-color:#003da5;\"><\/span>\n                            <h3>2008<\/h3>\n                                                    <p class=\"text\">Afin de pouvoir r\u00e9pondre aux besoins grandissants de nos producteurs, un projet d'agrandissement est compl\u00e9t\u00e9.<\/p>\n                    <\/div>\n    <\/div>\n<\/div><div class=\"qode-workflow-item\">\n    <span class=\"line\" style=\"background-color:#003da5;\"><\/span>\n    <div class=\"qode-workflow-item-inner \">\n        <div class=\"qode-workflow-image center\">\n            <img loading=\"lazy\" decoding=\"async\" width=\"300\" height=\"160\" src=\"https:\/\/aw-web.com\/meuneriesf\/wp-content\/uploads\/releve-meunerie.jpg\" class=\"attachment-full size-full\" alt=\"\" \/>        <\/div>\n        <div class=\"qode-workflow-text\">\n            <span class=\"circle\" style=\"border-color:#003da5;background-color:#003da5;\"><\/span>\n                            <h3>2017<\/h3>\n                                                    <p class=\"text\">La Meunerie de St-Fr\u00e9d\u00e9ric est tourn\u00e9e vers l\u2019avenir et est en processus d\u2019implantation d\u2019une rel\u00e8ve de la troisi\u00e8me g\u00e9n\u00e9ration.<\/p>\n                    <\/div>\n    <\/div>\n<\/div><div class=\"qode-workflow-item\">\n    <span class=\"line\" style=\"background-color:#003da5;\"><\/span>\n    <div class=\"qode-workflow-item-inner reverse\">\n        <div class=\"qode-workflow-image center\">\n            <img loading=\"lazy\" decoding=\"async\" width=\"300\" height=\"200\" src=\"https:\/\/aw-web.com\/meuneriesf\/wp-content\/uploads\/equipe-meunerie-1.jpg\" class=\"attachment-full size-full\" alt=\"\" \/>        <\/div>\n        <div class=\"qode-workflow-text\">\n            <span class=\"circle\" style=\"background-color:#003da5;\"><\/span>\n                            <h3>2019<\/h3>\n                                                    <p class=\"text\">L\u2019\u00e9quipe de la Meunerie de St-Fr\u00e9d\u00e9ric s\u2019agrandit, plusieurs nouveaux membres se joignent \u00e0 nous pour \u00e9largir nos connaissances et am\u00e9liorer nos op\u00e9rations. Nous recevons aussi une tr\u00e8s belle reconnaissance de la part du CLD Robert-Cliche.<\/p>\n                    <\/div>\n    <\/div>\n<\/div><div class=\"qode-workflow-item\">\n    <span class=\"line\" style=\"background-color:#003da5;\"><\/span>\n    <div class=\"qode-workflow-item-inner reverse\">\n        <div class=\"qode-workflow-image center\">\n            <img loading=\"lazy\" decoding=\"async\" width=\"350\" height=\"350\" src=\"https:\/\/aw-web.com\/meuneriesf\/wp-content\/uploads\/2-logos-meunerie.png\" class=\"attachment-full size-full\" alt=\"\" srcset=\"https:\/\/aw-web.com\/meuneriesf\/wp-content\/uploads\/2-logos-meunerie.png 350w, https:\/\/aw-web.com\/meuneriesf\/wp-content\/uploads\/2-logos-meunerie-300x300.png 300w, https:\/\/aw-web.com\/meuneriesf\/wp-content\/uploads\/2-logos-meunerie-150x150.png 150w\" sizes=\"auto, (max-width: 350px) 100vw, 350px\" \/>        <\/div>\n        <div class=\"qode-workflow-text\">\n            <span class=\"circle\" style=\"background-color:#003da5;\"><\/span>\n                            <h3>Ao\u00fbt 2021<\/h3>\n                                                    <p class=\"text\">La nouvelle direction va de l'avant avec un projet majeur. L'entreprise compl\u00e8te un projet visant \u00e0 entreposer davantage de marchandise en vrac et en sacs. Elle pourra ainsi offrir plus de produits \u00e0 nos producteurs, tout en am\u00e9liorant l'efficacit\u00e9 de son site de production.<\/p>\n<p>La Meunerie de Saint-Fr\u00e9d\u00e9ric actualise la signature visuelle de son logo.<\/p>\n                    <\/div>\n    <\/div>\n<\/div><\/div>[\/vc_column][vc_column width=\u00a0\u00bb1\/3&Prime; css=\u00a0\u00bb.vc_custom_1649100453551{padding-top: 30px !important;padding-right: 10% !important;padding-left: 10% !important;}\u00a0\u00bb][vc_column_text css=\u00a0\u00bb\u00a0\u00bb]<\/p>\n<div class=\"vc_row wpb_row section vc_row-fluid\">\n<div class=\" full_section_inner clearfix\">\n<div class=\"wpb_column vc_column_container vc_col-sm-12\">\n<div class=\"vc_column-inner \">\n<div class=\"wpb_wrapper\">\n<div class=\"wpb_text_column wpb_content_element \">\n<div class=\"wpb_wrapper\">\n<h2>Mission, vision et valeurs fondamentales<\/h2>\n<p>&nbsp;<\/p>\n<h3>FONDEMENTS DE L\u2019ENTREPRISE (L\u2019IDENTIT\u00c9 MSF)<\/h3>\n<p>&nbsp;<\/p>\n<p><strong>Notre VISION (\u00caTRE)<\/strong><\/p>\n<p>NOUS ACCOMPAGNONS NOS PRODUCTEURS, QUE CE SOIT EN PRODUCTION LAITI\u00c8RE, PORCINE, \u00c9QUINE, AVICOLE, BOVINE, OVINE OU AUTRES PRODUCTIONS AFIN D\u2019ALIMENTER NOS COMMUNAUT\u00c9S<\/p>\n<p>&nbsp;<\/p>\n<p><strong>NOUS NOUS ENGAGEONS \u00c0\u00a0:<\/strong><\/p>\n<ol>\n<li>D\u00c9VELOPPER DES FORMULATIONS PERSONNALIS\u00c9ES AFIN D\u2019OPTIMISER LES STANDARDS ET LA QUALIT\u00c9 DE VOS RATIONS ET VEILLER AU BIEN-\u00caTRE DE VOS ANIMAUX<\/li>\n<li>MAINTENIR UNE EXPERTISE TECHNIQUE AFIN DE DEMEURER \u00c0 L\u2019AVANT-GARDE DES AVANC\u00c9ES TECHNOLOGIQUES<\/li>\n<li>B\u00c2TIR DES RELATIONS DURABLES EN VOUS \u00c9COUTANT ET EN VOUS ACCOMPAGNANT<\/li>\n<li>GR\u00c2CE \u00c0 NOTRE MAGASIN, NOUS OFFRONS UNE GAMME DE PRODUITS DE QUALIT\u00c9 POUR VOS ANIMAUX DE COMPAGNIE ET VOS ANIMAUX DE BASSE-COUR<\/li>\n<\/ol>\n<p>&nbsp;<\/p>\n<p><strong>Notre MISSION (FAIRE)<\/strong><\/p>\n<p>SOUTENIR L\u2019AGRICULTURE D\u2019ICI EN VEILLANT AU BIEN-\u00caTRE DE VOS ANIMAUX<\/p>\n<p>&nbsp;<\/p>\n<p><strong>Nos VALEURS<\/strong><\/p>\n<p>Les valeurs de l\u2019entreprise sont les principes de base, les piliers de la ligne de conduite de tous les membres d\u2019une organisation : employ\u00e9s, dirigeants, actionnaires. Elles doivent m\u00eame transpara\u00eetre dans nos relations avec nos clients et fournisseurs.\u00a0 C\u2019est ce qui nous ressemble et nous rassemble tout \u00e0 la fois.<\/p>\n<p>&nbsp;<\/p>\n<ul>\n<li>FAMILLE : Une famille \u00e7a s\u2019entraide et chaque membre de la famille est important, authentique, honn\u00eate et partage ses \u00e9motions.<\/li>\n<li>FIERT\u00c9 : Un employ\u00e9 fier est un employ\u00e9 heureux.\u00a0 La fiert\u00e9 valorise la confiance en soi et \u00e7a s\u2019exprime par la r\u00e9ussite.<\/li>\n<li>FUN : Avoir du plaisir aide \u00e0 maintenir une ATTITUDE POSITIVE.\u00a0 Le fun est favorable \u00e0 la cr\u00e9ation d\u2019un sentiment d\u2019appartenance et \u00e0 la motivation des troupes.<\/li>\n<li>COURAGE : Il ne faut pas avoir peur de prendre SA PLACE et de faire les choses diff\u00e9remment.\u00a0 On se regarde en face et on est capable de passer outre nos peurs.<\/li>\n<li>C\u0152UR : Quand on agit avec c\u0153ur, on veut le meilleur pour les autres. Quand on a quelque chose \u00e0 c\u0153ur, on y met de l\u2019\u00e9nergie et on cr\u00e9e quelque chose de sp\u00e9cial.<\/li>\n<\/ul>\n<p>&nbsp;<\/p>\n<\/div>\n<\/div>\n<\/div>\n<\/div>\n<\/div>\n<\/div>\n<\/div>\n<p>[\/vc_column_text][\/vc_column][\/vc_row][vc_row css_animation=\u00a0\u00bb\u00a0\u00bb row_type=\u00a0\u00bbrow\u00a0\u00bb use_row_as_full_screen_section=\u00a0\u00bbno\u00a0\u00bb type=\u00a0\u00bbgrid\u00a0\u00bb angled_section=\u00a0\u00bbno\u00a0\u00bb text_align=\u00a0\u00bbleft\u00a0\u00bb background_image_as_pattern=\u00a0\u00bbwithout_pattern\u00a0\u00bb z_index=\u00a0\u00bb\u00a0\u00bb][vc_column][vc_single_image image=\u00a0\u00bb238&Prime; img_size=\u00a0\u00bbfull\u00a0\u00bb alignment=\u00a0\u00bbcenter\u00a0\u00bb qode_css_animation=\u00a0\u00bb\u00a0\u00bb][\/vc_column][\/vc_row]<\/p>\n<\/div>","protected":false},"excerpt":{"rendered":"<p>[vc_row css_animation=\u00a0\u00bb\u00a0\u00bb row_type=\u00a0\u00bbrow\u00a0\u00bb use_row_as_full_screen_section=\u00a0\u00bbno\u00a0\u00bb type=\u00a0\u00bbgrid\u00a0\u00bb angled_section=\u00a0\u00bbno\u00a0\u00bb text_align=\u00a0\u00bbleft\u00a0\u00bb background_image_as_pattern=\u00a0\u00bbwithout_pattern\u00a0\u00bb z_index=\u00a0\u00bb\u00a0\u00bb css=\u00a0\u00bb.vc_custom_1649091107210{padding-top: 70px !important;}\u00a0\u00bb][vc_column][vc_column_text] \u2013 La Meunerie de St-Fr\u00e9d\u00e9ric \u2013 [\/vc_column_text][vc_column_text css=\u00a0\u00bb.vc_custom_1649086594831{padding-top: 30px !important;padding-bottom: 30px !important;}\u00a0\u00bb] Une histoire de famille [\/vc_column_text][vc_column_text css=\u00a0\u00bb.vc_custom_1721067473659{padding-right: 20px !important;padding-left: 20px !important;}\u00a0\u00bb]Depuis 1966, La Meunerie de St-Fr\u00e9d\u00e9ric met le m\u00eame savoir-faire, la m\u00eame&#8230;<\/p>\n","protected":false},"author":1,"featured_media":0,"parent":40,"menu_order":0,"comment_status":"closed","ping_status":"closed","template":"full_width.php","meta":{"footnotes":""},"class_list":["post-55","page","type-page","status-publish","hentry"],"_links":{"self":[{"href":"https:\/\/aw-web.com\/meuneriesf\/wp-json\/wp\/v2\/pages\/55","targetHints":{"allow":["GET"]}}],"collection":[{"href":"https:\/\/aw-web.com\/meuneriesf\/wp-json\/wp\/v2\/pages"}],"about":[{"href":"https:\/\/aw-web.com\/meuneriesf\/wp-json\/wp\/v2\/types\/page"}],"author":[{"embeddable":true,"href":"https:\/\/aw-web.com\/meuneriesf\/wp-json\/wp\/v2\/users\/1"}],"replies":[{"embeddable":true,"href":"https:\/\/aw-web.com\/meuneriesf\/wp-json\/wp\/v2\/comments?post=55"}],"version-history":[{"count":30,"href":"https:\/\/aw-web.com\/meuneriesf\/wp-json\/wp\/v2\/pages\/55\/revisions"}],"predecessor-version":[{"id":830,"href":"https:\/\/aw-web.com\/meuneriesf\/wp-json\/wp\/v2\/pages\/55\/revisions\/830"}],"up":[{"embeddable":true,"href":"https:\/\/aw-web.com\/meuneriesf\/wp-json\/wp\/v2\/pages\/40"}],"wp:attachment":[{"href":"https:\/\/aw-web.com\/meuneriesf\/wp-json\/wp\/v2\/media?parent=55"}],"curies":[{"name":"wp","href":"https:\/\/api.w.org\/{rel}","templated":true}]}}