{"id":57,"date":"2022-03-29T02:18:21","date_gmt":"2022-03-29T02:18:21","guid":{"rendered":"https:\/\/aw-web.com\/meuneriesf\/?page_id=57"},"modified":"2024-07-31T02:11:04","modified_gmt":"2024-07-31T02:11:04","slug":"carriere","status":"publish","type":"page","link":"https:\/\/aw-web.com\/meuneriesf\/entreprise\/carriere\/","title":{"rendered":"Carri\u00e8re"},"content":{"rendered":"<div class=\"wpb-content-wrapper\"><p>[vc_row css_animation=\u00a0\u00bb\u00a0\u00bb row_type=\u00a0\u00bbrow\u00a0\u00bb use_row_as_full_screen_section=\u00a0\u00bbno\u00a0\u00bb type=\u00a0\u00bbfull_width\u00a0\u00bb angled_section=\u00a0\u00bbno\u00a0\u00bb text_align=\u00a0\u00bbleft\u00a0\u00bb background_image_as_pattern=\u00a0\u00bbwithout_pattern\u00a0\u00bb][vc_column][vc_column_text]<\/p>\n<h2>Emplois disponibles<\/h2>\n<div class=\"wpb_text_column wpb_content_element \">\n<div class=\"wpb_wrapper\">\n<p><img loading=\"lazy\" decoding=\"async\" class=\"aligncenter size-full wp-image-658\" src=\"https:\/\/aw-web.com\/meuneriesf\/wp-content\/uploads\/offre-emploi-meunerie.png\" alt=\"\" width=\"660\" height=\"870\" srcset=\"https:\/\/aw-web.com\/meuneriesf\/wp-content\/uploads\/offre-emploi-meunerie.png 660w, https:\/\/aw-web.com\/meuneriesf\/wp-content\/uploads\/offre-emploi-meunerie-228x300.png 228w\" sizes=\"auto, (max-width: 660px) 100vw, 660px\" \/><\/p>\n<\/div>\n<\/div>\n<p>[\/vc_column_text][\/vc_column][\/vc_row][vc_row css_animation=\u00a0\u00bb\u00a0\u00bb row_type=\u00a0\u00bbrow\u00a0\u00bb use_row_as_full_screen_section=\u00a0\u00bbno\u00a0\u00bb type=\u00a0\u00bbfull_width\u00a0\u00bb angled_section=\u00a0\u00bbno\u00a0\u00bb text_align=\u00a0\u00bbleft\u00a0\u00bb background_image_as_pattern=\u00a0\u00bbwithout_pattern\u00a0\u00bb][vc_column][vc_column_text css=\u00a0\u00bb.vc_custom_1722047172181{padding-top: 30px !important;}\u00a0\u00bb]Nos offres d\u2019emploi sont publi\u00e9es sur notre page Facebook. S\u2019il n\u2019y a aucun poste affich\u00e9, vous pouvez en tout temps nous envoyer votre CV avec une lettre de pr\u00e9sentation et votre candidature sera examin\u00e9e.<\/p>\n<p><img loading=\"lazy\" decoding=\"async\" class=\"alignleft size-full wp-image-245\" src=\"https:\/\/aw-web.com\/meuneriesf\/wp-content\/uploads\/Social-Network-Facebook-icon.png\" alt=\"\" width=\"48\" height=\"48\" \/><\/p>\n<p>&nbsp;<\/p>\n<p>&nbsp;<\/p>\n<p>&nbsp;<\/p>\n<p>D\u00e9posez votre candidature et votre CV\u00a0\u00e0 l\u2019attention de:<\/p>\n<p>Gino Vachon<\/p>\n<p>Directeur g\u00e9n\u00e9ral<\/p>\n<p><strong><a href=\"mailto:gino.vachon@meuneriesf.com\">gino.vachon@meuneriesf.com<\/a><\/strong>[\/vc_column_text][\/vc_column][\/vc_row][vc_row css_animation=\u00a0\u00bb\u00a0\u00bb row_type=\u00a0\u00bbrow\u00a0\u00bb use_row_as_full_screen_section=\u00a0\u00bbno\u00a0\u00bb type=\u00a0\u00bbfull_width\u00a0\u00bb angled_section=\u00a0\u00bbno\u00a0\u00bb text_align=\u00a0\u00bbleft\u00a0\u00bb background_image_as_pattern=\u00a0\u00bbwithout_pattern\u00a0\u00bb][vc_column][vc_separator type=\u00a0\u00bbnormal\u00a0\u00bb color=\u00a0\u00bbrgba(0,0,0,0.01)\u00a0\u00bb thickness=\u00a0\u00bb30&Prime;][\/vc_column][\/vc_row][vc_row css_animation=\u00a0\u00bb\u00a0\u00bb row_type=\u00a0\u00bbrow\u00a0\u00bb use_row_as_full_screen_section=\u00a0\u00bbno\u00a0\u00bb type=\u00a0\u00bbgrid\u00a0\u00bb angled_section=\u00a0\u00bbno\u00a0\u00bb text_align=\u00a0\u00bbleft\u00a0\u00bb background_image_as_pattern=\u00a0\u00bbwithout_pattern\u00a0\u00bb z_index=\u00a0\u00bb\u00a0\u00bb][vc_column][vc_single_image image=\u00a0\u00bb238&Prime; img_size=\u00a0\u00bbfull\u00a0\u00bb alignment=\u00a0\u00bbcenter\u00a0\u00bb qode_css_animation=\u00a0\u00bb\u00a0\u00bb][\/vc_column][\/vc_row]<\/p>\n<\/div>","protected":false},"excerpt":{"rendered":"<p>[vc_row css_animation=\u00a0\u00bb\u00a0\u00bb row_type=\u00a0\u00bbrow\u00a0\u00bb use_row_as_full_screen_section=\u00a0\u00bbno\u00a0\u00bb type=\u00a0\u00bbfull_width\u00a0\u00bb angled_section=\u00a0\u00bbno\u00a0\u00bb text_align=\u00a0\u00bbleft\u00a0\u00bb background_image_as_pattern=\u00a0\u00bbwithout_pattern\u00a0\u00bb][vc_column][vc_column_text] Emplois disponibles [\/vc_column_text][\/vc_column][\/vc_row][vc_row css_animation=\u00a0\u00bb\u00a0\u00bb row_type=\u00a0\u00bbrow\u00a0\u00bb use_row_as_full_screen_section=\u00a0\u00bbno\u00a0\u00bb type=\u00a0\u00bbfull_width\u00a0\u00bb angled_section=\u00a0\u00bbno\u00a0\u00bb text_align=\u00a0\u00bbleft\u00a0\u00bb background_image_as_pattern=\u00a0\u00bbwithout_pattern\u00a0\u00bb][vc_column][vc_column_text css=\u00a0\u00bb.vc_custom_1722047172181{padding-top: 30px !important;}\u00a0\u00bb]Nos offres d\u2019emploi sont publi\u00e9es sur notre page Facebook. S\u2019il n\u2019y a aucun poste affich\u00e9, vous pouvez en tout temps nous envoyer votre CV avec&#8230;<\/p>\n","protected":false},"author":1,"featured_media":0,"parent":40,"menu_order":4,"comment_status":"closed","ping_status":"closed","template":"","meta":{"footnotes":""},"class_list":["post-57","page","type-page","status-publish","hentry"],"_links":{"self":[{"href":"https:\/\/aw-web.com\/meuneriesf\/wp-json\/wp\/v2\/pages\/57","targetHints":{"allow":["GET"]}}],"collection":[{"href":"https:\/\/aw-web.com\/meuneriesf\/wp-json\/wp\/v2\/pages"}],"about":[{"href":"https:\/\/aw-web.com\/meuneriesf\/wp-json\/wp\/v2\/types\/page"}],"author":[{"embeddable":true,"href":"https:\/\/aw-web.com\/meuneriesf\/wp-json\/wp\/v2\/users\/1"}],"replies":[{"embeddable":true,"href":"https:\/\/aw-web.com\/meuneriesf\/wp-json\/wp\/v2\/comments?post=57"}],"version-history":[{"count":10,"href":"https:\/\/aw-web.com\/meuneriesf\/wp-json\/wp\/v2\/pages\/57\/revisions"}],"predecessor-version":[{"id":659,"href":"https:\/\/aw-web.com\/meuneriesf\/wp-json\/wp\/v2\/pages\/57\/revisions\/659"}],"up":[{"embeddable":true,"href":"https:\/\/aw-web.com\/meuneriesf\/wp-json\/wp\/v2\/pages\/40"}],"wp:attachment":[{"href":"https:\/\/aw-web.com\/meuneriesf\/wp-json\/wp\/v2\/media?parent=57"}],"curies":[{"name":"wp","href":"https:\/\/api.w.org\/{rel}","templated":true}]}}