{"id":68,"date":"2022-03-29T02:24:12","date_gmt":"2022-03-29T02:24:12","guid":{"rendered":"https:\/\/aw-web.com\/meuneriesf\/?page_id=68"},"modified":"2025-03-14T03:33:14","modified_gmt":"2025-03-14T03:33:14","slug":"soutien-technique","status":"publish","type":"page","link":"https:\/\/aw-web.com\/meuneriesf\/services\/soutien-technique\/","title":{"rendered":"Soutien Technique"},"content":{"rendered":"<div class=\"wpb-content-wrapper\"><p>[vc_row css_animation=\u00a0\u00bb\u00a0\u00bb row_type=\u00a0\u00bbrow\u00a0\u00bb use_row_as_full_screen_section=\u00a0\u00bbno\u00a0\u00bb type=\u00a0\u00bbfull_width\u00a0\u00bb angled_section=\u00a0\u00bbno\u00a0\u00bb text_align=\u00a0\u00bbleft\u00a0\u00bb background_image_as_pattern=\u00a0\u00bbwithout_pattern\u00a0\u00bb][vc_column][vc_column_text css=\u00a0\u00bb.vc_custom_1741923192081{padding-top: 30px !important;padding-bottom: 20px !important;}\u00a0\u00bb]<\/p>\n<h1>Conseillers en production animale<\/h1>\n<p>&nbsp;<\/p>\n<p><strong>Agent de service \u00e0 la client\u00e8le magasin<\/strong><\/p>\n<p>Alexandre Vachon, 418-426-2030 poste 1<\/p>\n<p>Nancy Leblanc, 418-426-2030 poste 0<\/p>\n<p>&nbsp;<\/p>\n<p><strong>Service agronomique et d\u00e9veloppement des affaires<\/strong><\/p>\n<p>Carl Villeneuve, agronome, 418-426-2030 poste 228<\/p>\n<p>&nbsp;<\/p>\n<p><strong>Services des op\u00e9rations et logistique<\/strong><\/p>\n<p>Mathieu Vachon, 418-426-2030 poste 2<\/p>\n<p>&nbsp;<\/p>\n<p><strong>Service des achats et ventes de grains<\/strong><\/p>\n<p>F\u00e9lix-Antoine Vachon, 418-426-2030 poste 244<\/p>\n<p>&nbsp;<\/p>\n<p><strong>Responsable v\u00e9g\u00e9tal<\/strong><\/p>\n<p>J\u00e9r\u00e9my Arel, agronome<\/p>\n<p>&nbsp;<\/p>\n<p><strong>Conseiller laitier<\/strong><\/p>\n<p>Marie-No\u00eblle Cliche, Technicienne en production laiti\u00e8re<\/p>\n<p>&nbsp;<\/p>\n<p><strong>Conseiller en production laiti\u00e8re<\/strong><\/p>\n<p>Sabrina Fecteau, agronome<\/p>\n<p>&nbsp;<\/p>\n<p><strong>Conseiller en production laiti\u00e8re, ovin et chevaux<\/strong><\/p>\n<p>Marie-Christine Roy Vachon, technicienne en production agricole<\/p>\n<p>&nbsp;<\/p>\n<p><strong>Conseiller en production laiti\u00e8re<\/strong><\/p>\n<p>\u00c9lodie Doyon, agronome<\/p>\n<p>&nbsp;<\/p>\n<p><strong>Responsable au d\u00e9veloppement des affaires<\/strong><\/p>\n<p>Martin Nadeau<\/p>\n<p>&nbsp;<\/p>\n<p><strong>Agronome responsable de la fabrication<\/strong><\/p>\n<p>Laurie Lehoux<\/p>\n<p>&nbsp;<\/p>\n<p><strong>\u00c9quipe du magasin le samedi<\/strong><\/p>\n<p>J\u00e9r\u00e9mi Vachon<\/p>\n<p>Carm\u00e9lie Vachon<\/p>\n<p>&nbsp;<\/p>\n<p><strong>Directeur g\u00e9n\u00e9ral<\/strong><\/p>\n<p>Gino Vachon\u00a0 418-426-2030 poste 223[\/vc_column_text][vc_empty_space height=\u00a0\u00bb62px\u00a0\u00bb][\/vc_column][\/vc_row][vc_row css_animation=\u00a0\u00bb\u00a0\u00bb row_type=\u00a0\u00bbrow\u00a0\u00bb use_row_as_full_screen_section=\u00a0\u00bbno\u00a0\u00bb type=\u00a0\u00bbgrid\u00a0\u00bb angled_section=\u00a0\u00bbno\u00a0\u00bb text_align=\u00a0\u00bbleft\u00a0\u00bb background_image_as_pattern=\u00a0\u00bbwithout_pattern\u00a0\u00bb z_index=\u00a0\u00bb\u00a0\u00bb][vc_column][vc_single_image image=\u00a0\u00bb238&Prime; img_size=\u00a0\u00bbfull\u00a0\u00bb alignment=\u00a0\u00bbcenter\u00a0\u00bb qode_css_animation=\u00a0\u00bb\u00a0\u00bb][\/vc_column][\/vc_row]<\/p>\n<\/div>","protected":false},"excerpt":{"rendered":"<p>[vc_row css_animation=\u00a0\u00bb\u00a0\u00bb row_type=\u00a0\u00bbrow\u00a0\u00bb use_row_as_full_screen_section=\u00a0\u00bbno\u00a0\u00bb type=\u00a0\u00bbfull_width\u00a0\u00bb angled_section=\u00a0\u00bbno\u00a0\u00bb text_align=\u00a0\u00bbleft\u00a0\u00bb background_image_as_pattern=\u00a0\u00bbwithout_pattern\u00a0\u00bb][vc_column][vc_column_text css=\u00a0\u00bb.vc_custom_1741923192081{padding-top: 30px !important;padding-bottom: 20px !important;}\u00a0\u00bb] Conseillers en production animale &nbsp; Agent de service \u00e0 la client\u00e8le magasin Alexandre Vachon, 418-426-2030 poste 1 Nancy Leblanc, 418-426-2030 poste 0 &nbsp; Service agronomique et d\u00e9veloppement des affaires Carl Villeneuve, agronome,&#8230;<\/p>\n","protected":false},"author":1,"featured_media":0,"parent":66,"menu_order":1,"comment_status":"closed","ping_status":"closed","template":"","meta":{"footnotes":""},"class_list":["post-68","page","type-page","status-publish","hentry"],"_links":{"self":[{"href":"https:\/\/aw-web.com\/meuneriesf\/wp-json\/wp\/v2\/pages\/68","targetHints":{"allow":["GET"]}}],"collection":[{"href":"https:\/\/aw-web.com\/meuneriesf\/wp-json\/wp\/v2\/pages"}],"about":[{"href":"https:\/\/aw-web.com\/meuneriesf\/wp-json\/wp\/v2\/types\/page"}],"author":[{"embeddable":true,"href":"https:\/\/aw-web.com\/meuneriesf\/wp-json\/wp\/v2\/users\/1"}],"replies":[{"embeddable":true,"href":"https:\/\/aw-web.com\/meuneriesf\/wp-json\/wp\/v2\/comments?post=68"}],"version-history":[{"count":12,"href":"https:\/\/aw-web.com\/meuneriesf\/wp-json\/wp\/v2\/pages\/68\/revisions"}],"predecessor-version":[{"id":841,"href":"https:\/\/aw-web.com\/meuneriesf\/wp-json\/wp\/v2\/pages\/68\/revisions\/841"}],"up":[{"embeddable":true,"href":"https:\/\/aw-web.com\/meuneriesf\/wp-json\/wp\/v2\/pages\/66"}],"wp:attachment":[{"href":"https:\/\/aw-web.com\/meuneriesf\/wp-json\/wp\/v2\/media?parent=68"}],"curies":[{"name":"wp","href":"https:\/\/api.w.org\/{rel}","templated":true}]}}