{"id":71,"date":"2022-03-29T02:25:15","date_gmt":"2022-03-29T02:25:15","guid":{"rendered":"https:\/\/aw-web.com\/meuneriesf\/?page_id=71"},"modified":"2025-03-14T03:34:39","modified_gmt":"2025-03-14T03:34:39","slug":"fabrication","status":"publish","type":"page","link":"https:\/\/aw-web.com\/meuneriesf\/services\/fabrication\/","title":{"rendered":"Fabrication"},"content":{"rendered":"<div class=\"wpb-content-wrapper\"><p>[vc_row css_animation=\u00a0\u00bb\u00a0\u00bb row_type=\u00a0\u00bbrow\u00a0\u00bb use_row_as_full_screen_section=\u00a0\u00bbno\u00a0\u00bb type=\u00a0\u00bbfull_width\u00a0\u00bb angled_section=\u00a0\u00bbno\u00a0\u00bb text_align=\u00a0\u00bbleft\u00a0\u00bb background_image_as_pattern=\u00a0\u00bbwithout_pattern\u00a0\u00bb][vc_column][vc_column_text css=\u00a0\u00bb\u00a0\u00bb]\u00c0 la Meunerie de Saint-Fr\u00e9d\u00e9ric, nous respectons les bonnes pratiques manufacturi\u00e8res et nous suivons les normes de l\u2019agence canadienne des inspections des aliments (ACIA).<\/p>\n<p>&nbsp;<\/p>\n<p>Nous fabriquons nos moul\u00e9es, nos suppl\u00e9ments et nos min\u00e9raux selon les besoins de vos animaux et ce, depuis 1966.<\/p>\n<p>&nbsp;<\/p>\n<p>Nous prenons soin de fabriquer les m\u00e9langes recommand\u00e9s par nos professionnels. Nos meuniers travaillent minutieusement \u00e0 faire vos m\u00e9langes selon les normes de l\u2019industrie.<\/p>\n<p>&nbsp;<\/p>\n<p><a href=\"http:\/\/meuneriesf.com\/services\/formulation-sur-demande\/\">Nous fabriquons des moul\u00e9es personnalis\u00e9es<\/a> pour nos clients. Ainsi, chaque entreprise agricole qui le d\u00e9sire peut avoir ce dont elle a r\u00e9ellement besoin dans sa moul\u00e9e compl\u00e8te.[\/vc_column_text][\/vc_column][\/vc_row][vc_row css_animation=\u00a0\u00bb\u00a0\u00bb row_type=\u00a0\u00bbrow\u00a0\u00bb use_row_as_full_screen_section=\u00a0\u00bbno\u00a0\u00bb type=\u00a0\u00bbfull_width\u00a0\u00bb angled_section=\u00a0\u00bbno\u00a0\u00bb text_align=\u00a0\u00bbleft\u00a0\u00bb background_image_as_pattern=\u00a0\u00bbwithout_pattern\u00a0\u00bb z_index=\u00a0\u00bb\u00a0\u00bb][vc_column][vc_separator type=\u00a0\u00bbnormal\u00a0\u00bb color=\u00a0\u00bbrgba(0,0,0,0.01)\u00a0\u00bb thickness=\u00a0\u00bb80&Prime; transparency=\u00a0\u00bb0&Prime;][\/vc_column][\/vc_row][vc_row css_animation=\u00a0\u00bb\u00a0\u00bb row_type=\u00a0\u00bbrow\u00a0\u00bb use_row_as_full_screen_section=\u00a0\u00bbno\u00a0\u00bb type=\u00a0\u00bbgrid\u00a0\u00bb angled_section=\u00a0\u00bbno\u00a0\u00bb text_align=\u00a0\u00bbleft\u00a0\u00bb background_image_as_pattern=\u00a0\u00bbwithout_pattern\u00a0\u00bb z_index=\u00a0\u00bb\u00a0\u00bb][vc_column][vc_single_image image=\u00a0\u00bb238&Prime; img_size=\u00a0\u00bbfull\u00a0\u00bb alignment=\u00a0\u00bbcenter\u00a0\u00bb qode_css_animation=\u00a0\u00bb\u00a0\u00bb][\/vc_column][\/vc_row]<\/p>\n<\/div>","protected":false},"excerpt":{"rendered":"<p>[vc_row css_animation=\u00a0\u00bb\u00a0\u00bb row_type=\u00a0\u00bbrow\u00a0\u00bb use_row_as_full_screen_section=\u00a0\u00bbno\u00a0\u00bb type=\u00a0\u00bbfull_width\u00a0\u00bb angled_section=\u00a0\u00bbno\u00a0\u00bb text_align=\u00a0\u00bbleft\u00a0\u00bb background_image_as_pattern=\u00a0\u00bbwithout_pattern\u00a0\u00bb][vc_column][vc_column_text css=\u00a0\u00bb\u00a0\u00bb]\u00c0 la Meunerie de Saint-Fr\u00e9d\u00e9ric, nous respectons les bonnes pratiques manufacturi\u00e8res et nous suivons les normes de l\u2019agence canadienne des inspections des aliments (ACIA). &nbsp; Nous fabriquons nos moul\u00e9es, nos suppl\u00e9ments et nos min\u00e9raux selon les besoins&#8230;<\/p>\n","protected":false},"author":1,"featured_media":0,"parent":66,"menu_order":2,"comment_status":"closed","ping_status":"closed","template":"","meta":{"footnotes":""},"class_list":["post-71","page","type-page","status-publish","hentry"],"_links":{"self":[{"href":"https:\/\/aw-web.com\/meuneriesf\/wp-json\/wp\/v2\/pages\/71","targetHints":{"allow":["GET"]}}],"collection":[{"href":"https:\/\/aw-web.com\/meuneriesf\/wp-json\/wp\/v2\/pages"}],"about":[{"href":"https:\/\/aw-web.com\/meuneriesf\/wp-json\/wp\/v2\/types\/page"}],"author":[{"embeddable":true,"href":"https:\/\/aw-web.com\/meuneriesf\/wp-json\/wp\/v2\/users\/1"}],"replies":[{"embeddable":true,"href":"https:\/\/aw-web.com\/meuneriesf\/wp-json\/wp\/v2\/comments?post=71"}],"version-history":[{"count":11,"href":"https:\/\/aw-web.com\/meuneriesf\/wp-json\/wp\/v2\/pages\/71\/revisions"}],"predecessor-version":[{"id":842,"href":"https:\/\/aw-web.com\/meuneriesf\/wp-json\/wp\/v2\/pages\/71\/revisions\/842"}],"up":[{"embeddable":true,"href":"https:\/\/aw-web.com\/meuneriesf\/wp-json\/wp\/v2\/pages\/66"}],"wp:attachment":[{"href":"https:\/\/aw-web.com\/meuneriesf\/wp-json\/wp\/v2\/media?parent=71"}],"curies":[{"name":"wp","href":"https:\/\/api.w.org\/{rel}","templated":true}]}}