{"id":73,"date":"2022-03-29T02:25:47","date_gmt":"2022-03-29T02:25:47","guid":{"rendered":"https:\/\/aw-web.com\/meuneriesf\/?page_id=73"},"modified":"2025-03-14T03:35:37","modified_gmt":"2025-03-14T03:35:37","slug":"transport","status":"publish","type":"page","link":"https:\/\/aw-web.com\/meuneriesf\/services\/transport\/","title":{"rendered":"Transport"},"content":{"rendered":"<div class=\"wpb-content-wrapper\"><p>[vc_row css_animation=\u00a0\u00bb\u00a0\u00bb row_type=\u00a0\u00bbrow\u00a0\u00bb use_row_as_full_screen_section=\u00a0\u00bbno\u00a0\u00bb type=\u00a0\u00bbfull_width\u00a0\u00bb angled_section=\u00a0\u00bbno\u00a0\u00bb text_align=\u00a0\u00bbleft\u00a0\u00bb background_image_as_pattern=\u00a0\u00bbwithout_pattern\u00a0\u00bb css=\u00a0\u00bb.vc_custom_1734018044364{padding-bottom: 30px !important;}\u00a0\u00bb z_index=\u00a0\u00bb\u00a0\u00bb][vc_column][vc_column_text css=\u00a0\u00bb.vc_custom_1741923320220{padding-bottom: 30px !important;}\u00a0\u00bb]\u00c0 la Meunerie de St-Fr\u00e9d\u00e9ric, nous effectuons le transport avec des \u00e9quipements r\u00e9cents et \u00e0 la fine pointe de la technologie. Notre entreprise compte sur une \u00e9quipe comp\u00e9tente et exp\u00e9riment\u00e9e.<\/p>\n<p>&nbsp;<\/p>\n<h2>Type de grains transport\u00e9s<\/h2>\n<p>Outre la moul\u00e9e fabriqu\u00e9e chez nous, le transport de tout grain est possible autant pour votre entreprise que pour les agriculteurs. Soya, ma\u00efs, dr\u00eache, gros gluten, fin gluten, canola, tritureau de soya, bl\u00e9, avoine, orge comptent parmi les grains transport\u00e9s dans notre \u00e9quipement personnalis\u00e9.<\/p>\n<p>&nbsp;<\/p>\n<h2>L\u2019\u00e9quipement<\/h2>\n<p>Le transport est effectu\u00e9 par des camions de 3 et 4 essieux ainsi que des camions 10 et 12 roues.<\/p>\n<p>&nbsp;<\/p>\n<h2><img loading=\"lazy\" decoding=\"async\" class=\"aligncenter size-full wp-image-711\" src=\"https:\/\/aw-web.com\/meuneriesf\/wp-content\/uploads\/transport-camion-meunerie-2.jpg\" alt=\"\" width=\"1100\" height=\"509\" srcset=\"https:\/\/aw-web.com\/meuneriesf\/wp-content\/uploads\/transport-camion-meunerie-2.jpg 1100w, https:\/\/aw-web.com\/meuneriesf\/wp-content\/uploads\/transport-camion-meunerie-2-300x139.jpg 300w, https:\/\/aw-web.com\/meuneriesf\/wp-content\/uploads\/transport-camion-meunerie-2-1024x474.jpg 1024w, https:\/\/aw-web.com\/meuneriesf\/wp-content\/uploads\/transport-camion-meunerie-2-768x355.jpg 768w, https:\/\/aw-web.com\/meuneriesf\/wp-content\/uploads\/transport-camion-meunerie-2-700x324.jpg 700w\" sizes=\"auto, (max-width: 1100px) 100vw, 1100px\" \/><\/h2>\n<p>[\/vc_column_text][vc_row_inner row_type=\u00a0\u00bbrow\u00a0\u00bb type=\u00a0\u00bbgrid\u00a0\u00bb text_align=\u00a0\u00bbleft\u00a0\u00bb css_animation=\u00a0\u00bb\u00a0\u00bb][vc_column_inner][vc_column_text]<\/p>\n<h2>Livraison de sacs<\/h2>\n<p>Avec un achat minimum, la Meunerie de St-Fr\u00e9d\u00e9ric offre la livraison de ses sacs et de diff\u00e9rents produits agricoles \u00e0 l\u2019aide de son camion cube.<\/p>\n<p>Les engrais, les semences, les cordes et plastiques d\u2019enrobage sont aussi livr\u00e9s avec ce camion et la remorque ferm\u00e9e.[\/vc_column_text][\/vc_column_inner][\/vc_row_inner][\/vc_column][\/vc_row][vc_row css_animation=\u00a0\u00bb\u00a0\u00bb row_type=\u00a0\u00bbrow\u00a0\u00bb use_row_as_full_screen_section=\u00a0\u00bbno\u00a0\u00bb type=\u00a0\u00bbfull_width\u00a0\u00bb angled_section=\u00a0\u00bbno\u00a0\u00bb text_align=\u00a0\u00bbleft\u00a0\u00bb background_image_as_pattern=\u00a0\u00bbwithout_pattern\u00a0\u00bb][vc_column][vc_single_image image=\u00a0\u00bb460&Prime; img_size=\u00a0\u00bbfull\u00a0\u00bb qode_css_animation=\u00a0\u00bb\u00a0\u00bb][\/vc_column][\/vc_row]<\/p>\n<\/div>","protected":false},"excerpt":{"rendered":"<p>[vc_row css_animation=\u00a0\u00bb\u00a0\u00bb row_type=\u00a0\u00bbrow\u00a0\u00bb use_row_as_full_screen_section=\u00a0\u00bbno\u00a0\u00bb type=\u00a0\u00bbfull_width\u00a0\u00bb angled_section=\u00a0\u00bbno\u00a0\u00bb text_align=\u00a0\u00bbleft\u00a0\u00bb background_image_as_pattern=\u00a0\u00bbwithout_pattern\u00a0\u00bb css=\u00a0\u00bb.vc_custom_1734018044364{padding-bottom: 30px !important;}\u00a0\u00bb z_index=\u00a0\u00bb\u00a0\u00bb][vc_column][vc_column_text css=\u00a0\u00bb.vc_custom_1741923320220{padding-bottom: 30px !important;}\u00a0\u00bb]\u00c0 la Meunerie de St-Fr\u00e9d\u00e9ric, nous effectuons le transport avec des \u00e9quipements r\u00e9cents et \u00e0 la fine pointe de la technologie. Notre entreprise compte sur une \u00e9quipe comp\u00e9tente et exp\u00e9riment\u00e9e. &nbsp;&#8230;<\/p>\n","protected":false},"author":1,"featured_media":0,"parent":66,"menu_order":3,"comment_status":"closed","ping_status":"closed","template":"","meta":{"footnotes":""},"class_list":["post-73","page","type-page","status-publish","hentry"],"_links":{"self":[{"href":"https:\/\/aw-web.com\/meuneriesf\/wp-json\/wp\/v2\/pages\/73","targetHints":{"allow":["GET"]}}],"collection":[{"href":"https:\/\/aw-web.com\/meuneriesf\/wp-json\/wp\/v2\/pages"}],"about":[{"href":"https:\/\/aw-web.com\/meuneriesf\/wp-json\/wp\/v2\/types\/page"}],"author":[{"embeddable":true,"href":"https:\/\/aw-web.com\/meuneriesf\/wp-json\/wp\/v2\/users\/1"}],"replies":[{"embeddable":true,"href":"https:\/\/aw-web.com\/meuneriesf\/wp-json\/wp\/v2\/comments?post=73"}],"version-history":[{"count":7,"href":"https:\/\/aw-web.com\/meuneriesf\/wp-json\/wp\/v2\/pages\/73\/revisions"}],"predecessor-version":[{"id":843,"href":"https:\/\/aw-web.com\/meuneriesf\/wp-json\/wp\/v2\/pages\/73\/revisions\/843"}],"up":[{"embeddable":true,"href":"https:\/\/aw-web.com\/meuneriesf\/wp-json\/wp\/v2\/pages\/66"}],"wp:attachment":[{"href":"https:\/\/aw-web.com\/meuneriesf\/wp-json\/wp\/v2\/media?parent=73"}],"curies":[{"name":"wp","href":"https:\/\/api.w.org\/{rel}","templated":true}]}}