{"id":75,"date":"2022-03-29T02:27:02","date_gmt":"2022-03-29T02:27:02","guid":{"rendered":"https:\/\/aw-web.com\/meuneriesf\/?page_id=75"},"modified":"2024-08-02T22:17:58","modified_gmt":"2024-08-02T22:17:58","slug":"achat-vente-grains","status":"publish","type":"page","link":"https:\/\/aw-web.com\/meuneriesf\/services\/achat-vente-grains\/","title":{"rendered":"Achat\/Vente Grains"},"content":{"rendered":"<div class=\"wpb-content-wrapper\"><p>[vc_row css_animation=\u00a0\u00bb\u00a0\u00bb row_type=\u00a0\u00bbrow\u00a0\u00bb use_row_as_full_screen_section=\u00a0\u00bbno\u00a0\u00bb type=\u00a0\u00bbfull_width\u00a0\u00bb angled_section=\u00a0\u00bbno\u00a0\u00bb text_align=\u00a0\u00bbleft\u00a0\u00bb background_image_as_pattern=\u00a0\u00bbwithout_pattern\u00a0\u00bb][vc_column][vc_column_text]En ce qui concerne l\u2019achat du grain, la Meunerie de Saint-Fr\u00e9d\u00e9ric transige sur les bases de la bourse de Chicago et aussi avec des producteurs agricoles.\u00a0Il est aussi possible de fermer des contrats de grains de diff\u00e9rentes dur\u00e9es et de choisir la fa\u00e7on de transiger.\u00a0 Nous sommes aussi en mesure de vous informer sur les fluctuations du march\u00e9.<\/p>\n<p>&nbsp;<\/p>\n<p>Nous achetons ces grains pour les fournir \u00e0 nos clients et pour produire nos moul\u00e9es.<\/p>\n<p>&nbsp;<\/p>\n<ul>\n<li>ma\u00efs en grains<\/li>\n<li>tourteau de soya<\/li>\n<li>bl\u00e9<\/li>\n<li>tourteau de canola<\/li>\n<li>orge<\/li>\n<li>avoine<\/li>\n<li>f\u00e8ve de soya<\/li>\n<\/ul>\n<p>&nbsp;<\/p>\n<p>Pour les clients qui ach\u00e8tent nos grains, la livraison est toujours effectu\u00e9e dans les meilleurs d\u00e9lais selon l\u2019entente avec les producteurs. Nous suivons les prix courants. Nous agissons comme courtier et nous trouvons toujours les meilleurs prix pour vous.<\/p>\n<p>&nbsp;<\/p>\n<p><a href=\"http:\/\/meuneriesf.com\/services\/soutien-technique\/\">Contactez Gino Vachon ou F\u00e9lix-Antoine Vachon<\/a>\u00a0pour connaitre les tendances des march\u00e9s ou pour plus d\u2019information ou pour faire une commande.<\/p>\n<p>[\/vc_column_text][\/vc_column][\/vc_row][vc_row css_animation=\u00a0\u00bb\u00a0\u00bb row_type=\u00a0\u00bbrow\u00a0\u00bb use_row_as_full_screen_section=\u00a0\u00bbno\u00a0\u00bb type=\u00a0\u00bbfull_width\u00a0\u00bb angled_section=\u00a0\u00bbno\u00a0\u00bb text_align=\u00a0\u00bbleft\u00a0\u00bb background_image_as_pattern=\u00a0\u00bbwithout_pattern\u00a0\u00bb][vc_column][vc_separator type=\u00a0\u00bbnormal\u00a0\u00bb color=\u00a0\u00bbrgba(0,0,0,0.01)\u00a0\u00bb transparency=\u00a0\u00bb0&Prime; thickness=\u00a0\u00bb200&Prime;][\/vc_column][\/vc_row][vc_row css_animation=\u00a0\u00bb\u00a0\u00bb row_type=\u00a0\u00bbrow\u00a0\u00bb use_row_as_full_screen_section=\u00a0\u00bbno\u00a0\u00bb type=\u00a0\u00bbgrid\u00a0\u00bb angled_section=\u00a0\u00bbno\u00a0\u00bb text_align=\u00a0\u00bbleft\u00a0\u00bb background_image_as_pattern=\u00a0\u00bbwithout_pattern\u00a0\u00bb z_index=\u00a0\u00bb\u00a0\u00bb][vc_column][vc_single_image image=\u00a0\u00bb238&Prime; img_size=\u00a0\u00bbfull\u00a0\u00bb alignment=\u00a0\u00bbcenter\u00a0\u00bb qode_css_animation=\u00a0\u00bb\u00a0\u00bb][\/vc_column][\/vc_row]<\/p>\n<\/div>","protected":false},"excerpt":{"rendered":"<p>[vc_row css_animation=\u00a0\u00bb\u00a0\u00bb row_type=\u00a0\u00bbrow\u00a0\u00bb use_row_as_full_screen_section=\u00a0\u00bbno\u00a0\u00bb type=\u00a0\u00bbfull_width\u00a0\u00bb angled_section=\u00a0\u00bbno\u00a0\u00bb text_align=\u00a0\u00bbleft\u00a0\u00bb background_image_as_pattern=\u00a0\u00bbwithout_pattern\u00a0\u00bb][vc_column][vc_column_text]En ce qui concerne l\u2019achat du grain, la Meunerie de Saint-Fr\u00e9d\u00e9ric transige sur les bases de la bourse de Chicago et aussi avec des producteurs agricoles.\u00a0Il est aussi possible de fermer des contrats de grains de diff\u00e9rentes dur\u00e9es&#8230;<\/p>\n","protected":false},"author":1,"featured_media":0,"parent":66,"menu_order":4,"comment_status":"closed","ping_status":"closed","template":"","meta":{"footnotes":""},"class_list":["post-75","page","type-page","status-publish","hentry"],"_links":{"self":[{"href":"https:\/\/aw-web.com\/meuneriesf\/wp-json\/wp\/v2\/pages\/75","targetHints":{"allow":["GET"]}}],"collection":[{"href":"https:\/\/aw-web.com\/meuneriesf\/wp-json\/wp\/v2\/pages"}],"about":[{"href":"https:\/\/aw-web.com\/meuneriesf\/wp-json\/wp\/v2\/types\/page"}],"author":[{"embeddable":true,"href":"https:\/\/aw-web.com\/meuneriesf\/wp-json\/wp\/v2\/users\/1"}],"replies":[{"embeddable":true,"href":"https:\/\/aw-web.com\/meuneriesf\/wp-json\/wp\/v2\/comments?post=75"}],"version-history":[{"count":6,"href":"https:\/\/aw-web.com\/meuneriesf\/wp-json\/wp\/v2\/pages\/75\/revisions"}],"predecessor-version":[{"id":668,"href":"https:\/\/aw-web.com\/meuneriesf\/wp-json\/wp\/v2\/pages\/75\/revisions\/668"}],"up":[{"embeddable":true,"href":"https:\/\/aw-web.com\/meuneriesf\/wp-json\/wp\/v2\/pages\/66"}],"wp:attachment":[{"href":"https:\/\/aw-web.com\/meuneriesf\/wp-json\/wp\/v2\/media?parent=75"}],"curies":[{"name":"wp","href":"https:\/\/api.w.org\/{rel}","templated":true}]}}