{"id":77,"date":"2022-03-29T02:28:15","date_gmt":"2022-03-29T02:28:15","guid":{"rendered":"https:\/\/aw-web.com\/meuneriesf\/?page_id=77"},"modified":"2025-03-14T03:38:24","modified_gmt":"2025-03-14T03:38:24","slug":"formulation-sur-demande","status":"publish","type":"page","link":"https:\/\/aw-web.com\/meuneriesf\/services\/formulation-sur-demande\/","title":{"rendered":"Formulation sur Demande"},"content":{"rendered":"<div class=\"wpb-content-wrapper\"><p>[vc_row css_animation=\u00a0\u00bb\u00a0\u00bb row_type=\u00a0\u00bbrow\u00a0\u00bb use_row_as_full_screen_section=\u00a0\u00bbno\u00a0\u00bb type=\u00a0\u00bbgrid\u00a0\u00bb angled_section=\u00a0\u00bbno\u00a0\u00bb text_align=\u00a0\u00bbleft\u00a0\u00bb background_image_as_pattern=\u00a0\u00bbwithout_pattern\u00a0\u00bb z_index=\u00a0\u00bb\u00a0\u00bb][vc_column width=\u00a0\u00bb2\/3&Prime;][vc_column_text css=\u00a0\u00bb\u00a0\u00bb]<\/p>\n<div class=\"vc_row wpb_row section vc_row-fluid\">\n<div class=\" full_section_inner clearfix\">\n<div class=\"wpb_column vc_column_container vc_col-sm-12\">\n<div class=\"vc_column-inner \">\n<div class=\"wpb_wrapper\">\n<div class=\"wpb_text_column wpb_content_element \">\n<div class=\"wpb_wrapper\">\n<p>La Meunerie de St-Fr\u00e9d\u00e9ric offre des formules de base pour tous les types d\u2019\u00e9levage, mais nous offrons aussi des formules personnalis\u00e9es. Notre \u00e9quipe de repr\u00e9sentants vient en aide \u00e0 vos entreprises en vous appuyant dans l\u2019atteinte de vos objectifs. Pour cette raison, nous d\u00e9sirons \u00eatre le plus pr\u00e9cis possible lors de nos interventions \u00e0 la ferme.<\/p>\n<p>&nbsp;<\/p>\n<p>Nous effectuons la formulation personnalis\u00e9e \u00e0 l\u2019aide d\u2019\u00e9chantillons analys\u00e9s, c\u2019est-\u00e0-dire que votre m\u00e9lange sera ajust\u00e9 selon les aliments disponibles \u00e0 la ferme. Nos formulations personnalis\u00e9es sont disponibles pour tous les types d\u2019entreprises agricoles.<\/p>\n<\/div>\n<\/div>\n<\/div>\n<\/div>\n<\/div>\n<\/div>\n<\/div>\n<p>[\/vc_column_text][\/vc_column][vc_column width=\u00a0\u00bb1\/3&Prime;][vc_single_image image=\u00a0\u00bb646&Prime; img_size=\u00a0\u00bbfull\u00a0\u00bb qode_css_animation=\u00a0\u00bb\u00a0\u00bb][\/vc_column][\/vc_row][vc_row css_animation=\u00a0\u00bb\u00a0\u00bb row_type=\u00a0\u00bbrow\u00a0\u00bb use_row_as_full_screen_section=\u00a0\u00bbno\u00a0\u00bb type=\u00a0\u00bbgrid\u00a0\u00bb angled_section=\u00a0\u00bbno\u00a0\u00bb text_align=\u00a0\u00bbleft\u00a0\u00bb background_image_as_pattern=\u00a0\u00bbwithout_pattern\u00a0\u00bb z_index=\u00a0\u00bb\u00a0\u00bb][vc_column][vc_single_image image=\u00a0\u00bb238&Prime; img_size=\u00a0\u00bbfull\u00a0\u00bb alignment=\u00a0\u00bbcenter\u00a0\u00bb qode_css_animation=\u00a0\u00bb\u00a0\u00bb][\/vc_column][\/vc_row]<\/p>\n<\/div>","protected":false},"excerpt":{"rendered":"<p>[vc_row css_animation=\u00a0\u00bb\u00a0\u00bb row_type=\u00a0\u00bbrow\u00a0\u00bb use_row_as_full_screen_section=\u00a0\u00bbno\u00a0\u00bb type=\u00a0\u00bbgrid\u00a0\u00bb angled_section=\u00a0\u00bbno\u00a0\u00bb text_align=\u00a0\u00bbleft\u00a0\u00bb background_image_as_pattern=\u00a0\u00bbwithout_pattern\u00a0\u00bb z_index=\u00a0\u00bb\u00a0\u00bb][vc_column width=\u00a0\u00bb2\/3&Prime;][vc_column_text css=\u00a0\u00bb\u00a0\u00bb] La Meunerie de St-Fr\u00e9d\u00e9ric offre des formules de base pour tous les types d\u2019\u00e9levage, mais nous offrons aussi des formules personnalis\u00e9es. Notre \u00e9quipe de repr\u00e9sentants vient en aide \u00e0 vos entreprises en vous appuyant&#8230;<\/p>\n","protected":false},"author":1,"featured_media":0,"parent":66,"menu_order":5,"comment_status":"closed","ping_status":"closed","template":"","meta":{"footnotes":""},"class_list":["post-77","page","type-page","status-publish","hentry"],"_links":{"self":[{"href":"https:\/\/aw-web.com\/meuneriesf\/wp-json\/wp\/v2\/pages\/77","targetHints":{"allow":["GET"]}}],"collection":[{"href":"https:\/\/aw-web.com\/meuneriesf\/wp-json\/wp\/v2\/pages"}],"about":[{"href":"https:\/\/aw-web.com\/meuneriesf\/wp-json\/wp\/v2\/types\/page"}],"author":[{"embeddable":true,"href":"https:\/\/aw-web.com\/meuneriesf\/wp-json\/wp\/v2\/users\/1"}],"replies":[{"embeddable":true,"href":"https:\/\/aw-web.com\/meuneriesf\/wp-json\/wp\/v2\/comments?post=77"}],"version-history":[{"count":4,"href":"https:\/\/aw-web.com\/meuneriesf\/wp-json\/wp\/v2\/pages\/77\/revisions"}],"predecessor-version":[{"id":647,"href":"https:\/\/aw-web.com\/meuneriesf\/wp-json\/wp\/v2\/pages\/77\/revisions\/647"}],"up":[{"embeddable":true,"href":"https:\/\/aw-web.com\/meuneriesf\/wp-json\/wp\/v2\/pages\/66"}],"wp:attachment":[{"href":"https:\/\/aw-web.com\/meuneriesf\/wp-json\/wp\/v2\/media?parent=77"}],"curies":[{"name":"wp","href":"https:\/\/api.w.org\/{rel}","templated":true}]}}