{"id":85,"date":"2022-03-29T02:30:53","date_gmt":"2022-03-29T02:30:53","guid":{"rendered":"https:\/\/aw-web.com\/meuneriesf\/?page_id=85"},"modified":"2025-03-14T03:41:13","modified_gmt":"2025-03-14T03:41:13","slug":"magasin","status":"publish","type":"page","link":"https:\/\/aw-web.com\/meuneriesf\/magasin\/","title":{"rendered":"Magasin"},"content":{"rendered":"<div class=\"wpb-content-wrapper\"><p>[vc_row css_animation=\u00a0\u00bb\u00a0\u00bb row_type=\u00a0\u00bbrow\u00a0\u00bb use_row_as_full_screen_section=\u00a0\u00bbno\u00a0\u00bb type=\u00a0\u00bbfull_width\u00a0\u00bb angled_section=\u00a0\u00bbno\u00a0\u00bb text_align=\u00a0\u00bbleft\u00a0\u00bb background_image_as_pattern=\u00a0\u00bbwithout_pattern\u00a0\u00bb][vc_column][vc_column_text css=\u00a0\u00bb\u00a0\u00bb]<\/p>\n<div class=\"wpb_text_column wpb_content_element \">\n<div class=\"wpb_wrapper\">\n<h2>Quincaillerie agricole<\/h2>\n<p>Notre magasin regorge d\u2019accessoires et de produits de toutes sortes pour pouvoir abreuver, nourrir et soigner vos animaux. Vous pouvez aussi cl\u00f4turer vos terres et \u00e9lectrifier les cl\u00f4tures avec les produits Gallagher. Les produits sanitaires pour nettoyer votre \u00e9quipement et vos b\u00e2timents sont aussi disponibles.<\/p>\n<p>&nbsp;<\/p>\n<h2>Quincaillerie ac\u00e9ricole<\/h2>\n<p>Les ac\u00e9riculteurs peuvent compter sur notre magasin, car il compte une grande vari\u00e9t\u00e9 de produits et accessoires pour leur saison ac\u00e9ricole. Nos produits sont disponibles \u00e0 l\u2019ann\u00e9e.<\/p>\n<p>&nbsp;<\/p>\n<h2>Animaux domestiques<\/h2>\n<p>Une bonne partie du magasin est vou\u00e9e aux animaux domestiques. Nous avons de la nourriture pour tous les chiens, les chats, les lapins, les oiseaux, etc. Nous sommes distributeur des produits Pro Plan de Purina pour la moul\u00e9e de chien et de chat. Vous trouverez aussi des g\u00e2teries, des jouets, de l\u2019\u00e9quipement bref, de tout pour vos meilleurs amis.<\/p>\n<p>&nbsp;<\/p>\n<h2>Chasse<\/h2>\n<p>Le magasin de la Meunerie de St-Fr\u00e9d\u00e9ric vous aide \u00e0 r\u00e9ussir votre chasse avec diff\u00e9rents produits. Nous fabriquons des m\u00e9langes chasseurs et les cervid\u00e9s en raffolent! Ils sont en vente \u00e0 la meunerie mais aussi dans diff\u00e9rents points de vente.<\/p>\n<p>&nbsp;<\/p>\n<p>En plus des moul\u00e9es chasseurs, nous sommes en mesure de fournir des produits sp\u00e9cialis\u00e9s pour vos salines tels que des blocs de sel, du soufre, de la m\u00e9lasse, etc. Venez voir notre inventaire, nous avons tout ce qu\u2019il vous faut.<\/p>\n<p>&nbsp;<\/p>\n<\/div>\n<h2>Horticulture<\/h2>\n<p>Si vous voulez avoir une pelouse qui fera des jaloux, vous \u00eates \u00e0 la bonne place. Nous saurons vous conseiller le bon engrais et la bonne semence de pelouse pour qu\u2019elle soit parfaitement fournie et en sant\u00e9.\u00a0 Nous avons aussi de tous pour entretenir votre terrassement et votre jardin: paillis, terre noire, fumier de poulet, fumier de mouton, fumier de crevette, engrais et chaux \u00e0 pelouse et encore plus de produits sont \u00e0 votre disposition.<\/p>\n<p>Des probl\u00e8mes de mauvais herbe et d\u2019insectes? Nous avons encore une fois la solution avec des insecticides et des herbicides.<\/p>\n<\/div>\n<p>[\/vc_column_text][\/vc_column][\/vc_row][vc_row css_animation=\u00a0\u00bb\u00a0\u00bb row_type=\u00a0\u00bbrow\u00a0\u00bb use_row_as_full_screen_section=\u00a0\u00bbno\u00a0\u00bb type=\u00a0\u00bbfull_width\u00a0\u00bb angled_section=\u00a0\u00bbno\u00a0\u00bb text_align=\u00a0\u00bbleft\u00a0\u00bb background_image_as_pattern=\u00a0\u00bbwithout_pattern\u00a0\u00bb css=\u00a0\u00bb.vc_custom_1722021540243{padding-top: 50px !important;}\u00a0\u00bb z_index=\u00a0\u00bb\u00a0\u00bb][vc_column][vc_column_text css=\u00a0\u00bb\u00a0\u00bb]Notre Magasin peut r\u00e9pondre aux besoins de tous les producteurs agricoles ainsi qu&rsquo;aux gens poss\u00e9dant des animaux domestiques.<\/p>\n<p>&nbsp;<\/p>\n<p>Nous avons des produits pour vos chevaux, vos chiens, vos chats, vos lapins, vos oiseaux ainsi que pour vos volailles (poules et poulets de grain) incluant la nourriture et les accessoires. Vous trouverez des g\u00e2teries pour vos animaux, des jouets pour tous, de l\u2019\u00e9quipement de toute sorte. En outre, nous avons tout qu\u2019il vous faut pour les animaux de basse-cour. Bref, pour rendre vos meilleurs amis heureux et plus confortables.<\/p>\n<p>&nbsp;<\/p>\n<p>Pour suivre nos promotions <strong><a href=\"https:\/\/www.facebook.com\/meuneriedestfrederic\/\" target=\"_blank\" rel=\"noopener\">cliquer sur ce lien&#8230;<\/a><\/strong><\/p>\n<p>&nbsp;<\/p>\n<p>Nous avons \u00e9galement une gamme compl\u00e8te contre les rongeurs et les insectes. Nous avons des semences et de l&rsquo;engrais pour vos pelouses. Vous y trouverez des produits de chasse, du colostrum, des mangeoires et de l&rsquo;\u00e9quipement pour vos fermes.<\/p>\n<p>&nbsp;<\/p>\n<p>Nous pouvons \u00e9galement vous commander ce qu&rsquo;il vous manque. Venez nous voir, on vous attend![\/vc_column_text][\/vc_column][\/vc_row][vc_row css_animation=\u00a0\u00bb\u00a0\u00bb row_type=\u00a0\u00bbrow\u00a0\u00bb use_row_as_full_screen_section=\u00a0\u00bbno\u00a0\u00bb type=\u00a0\u00bbfull_width\u00a0\u00bb angled_section=\u00a0\u00bbno\u00a0\u00bb text_align=\u00a0\u00bbleft\u00a0\u00bb background_image_as_pattern=\u00a0\u00bbwithout_pattern\u00a0\u00bb][vc_column][vc_single_image image=\u00a0\u00bb460&Prime; img_size=\u00a0\u00bbfull\u00a0\u00bb qode_css_animation=\u00a0\u00bb\u00a0\u00bb][\/vc_column][\/vc_row]<\/p>\n<\/div>","protected":false},"excerpt":{"rendered":"<p>[vc_row css_animation=\u00a0\u00bb\u00a0\u00bb row_type=\u00a0\u00bbrow\u00a0\u00bb use_row_as_full_screen_section=\u00a0\u00bbno\u00a0\u00bb type=\u00a0\u00bbfull_width\u00a0\u00bb angled_section=\u00a0\u00bbno\u00a0\u00bb text_align=\u00a0\u00bbleft\u00a0\u00bb background_image_as_pattern=\u00a0\u00bbwithout_pattern\u00a0\u00bb][vc_column][vc_column_text css=\u00a0\u00bb\u00a0\u00bb] Quincaillerie agricole Notre magasin regorge d\u2019accessoires et de produits de toutes sortes pour pouvoir abreuver, nourrir et soigner vos animaux. Vous pouvez aussi cl\u00f4turer vos terres et \u00e9lectrifier les cl\u00f4tures avec les produits Gallagher. Les produits&#8230;<\/p>\n","protected":false},"author":1,"featured_media":0,"parent":0,"menu_order":5,"comment_status":"closed","ping_status":"closed","template":"","meta":{"footnotes":""},"class_list":["post-85","page","type-page","status-publish","hentry"],"_links":{"self":[{"href":"https:\/\/aw-web.com\/meuneriesf\/wp-json\/wp\/v2\/pages\/85","targetHints":{"allow":["GET"]}}],"collection":[{"href":"https:\/\/aw-web.com\/meuneriesf\/wp-json\/wp\/v2\/pages"}],"about":[{"href":"https:\/\/aw-web.com\/meuneriesf\/wp-json\/wp\/v2\/types\/page"}],"author":[{"embeddable":true,"href":"https:\/\/aw-web.com\/meuneriesf\/wp-json\/wp\/v2\/users\/1"}],"replies":[{"embeddable":true,"href":"https:\/\/aw-web.com\/meuneriesf\/wp-json\/wp\/v2\/comments?post=85"}],"version-history":[{"count":11,"href":"https:\/\/aw-web.com\/meuneriesf\/wp-json\/wp\/v2\/pages\/85\/revisions"}],"predecessor-version":[{"id":845,"href":"https:\/\/aw-web.com\/meuneriesf\/wp-json\/wp\/v2\/pages\/85\/revisions\/845"}],"wp:attachment":[{"href":"https:\/\/aw-web.com\/meuneriesf\/wp-json\/wp\/v2\/media?parent=85"}],"curies":[{"name":"wp","href":"https:\/\/api.w.org\/{rel}","templated":true}]}}